{"id":18,"date":"2021-09-20T13:41:15","date_gmt":"2021-09-20T11:41:15","guid":{"rendered":"https:\/\/geneve2022.aic-iac.org\/?page_id=18"},"modified":"2024-03-05T17:02:55","modified_gmt":"2024-03-05T16:02:55","slug":"a-propos","status":"publish","type":"page","link":"https:\/\/geneve2022.aic-iac.org\/es\/a-propos\/","title":{"rendered":"Sobre el Congreso","raw":"Sobre el Congreso"},"content":{"rendered":"<table style=\"border-collapse: collapse; width: 100%;\">\n<tbody>\n<tr>\n<td style=\"width: 50%;\" colspan=\"2\"><img loading=\"lazy\" decoding=\"async\" class=\"alignnone size-full wp-image-58\" src=\"https:\/\/geneve2022.aic-iac.org\/wp-content\/uploads\/sites\/5\/2021\/12\/SWISSCERAMICS_POSTER_A3_V1.2_lowres.jpg\" alt=\"\" width=\"1169\" height=\"1654\" srcset=\"https:\/\/geneve2022.aic-iac.org\/wp-content\/uploads\/sites\/5\/2021\/12\/SWISSCERAMICS_POSTER_A3_V1.2_lowres.jpg 1169w, https:\/\/geneve2022.aic-iac.org\/wp-content\/uploads\/sites\/5\/2021\/12\/SWISSCERAMICS_POSTER_A3_V1.2_lowres-212x300.jpg 212w, https:\/\/geneve2022.aic-iac.org\/wp-content\/uploads\/sites\/5\/2021\/12\/SWISSCERAMICS_POSTER_A3_V1.2_lowres-724x1024.jpg 724w, https:\/\/geneve2022.aic-iac.org\/wp-content\/uploads\/sites\/5\/2021\/12\/SWISSCERAMICS_POSTER_A3_V1.2_lowres-768x1087.jpg 768w, https:\/\/geneve2022.aic-iac.org\/wp-content\/uploads\/sites\/5\/2021\/12\/SWISSCERAMICS_POSTER_A3_V1.2_lowres-1086x1536.jpg 1086w\" sizes=\"auto, (max-width: 1169px) 100vw, 1169px\" \/><\/td>\n<\/tr>\n<tr>\n<td style=\"width: 50%;\">\n<h3>CONGRESO DE LA AIC<br \/>GINEBRA 2022<br \/>12-16 de septiembre de 2022<\/h3>\n<p>La Academia Internacional de Cer\u00e1mica (AIC) celebrar\u00e1 su 70 aniversario y su 50 congreso en 2022. Es por tanto en su coraz\u00f3n, en Ginebra, Suiza, cuna y sede de la AIC que este congreso jubilar tendr\u00e1 lugar del 12 al 16 de septiembre 2022 presencial en el CICG en Ginebra, Suiza. Las conferencias estar\u00e1n disponibles en l\u00ednea para reproducirlas despu\u00e9s del Congreso.<\/p>\n<p>La Asamblea General est\u00e1 abierta a todos los miembros de la AIC, de forma gratuita (previa inscripci\u00f3n).<\/p>\n<p>El tema central &#8220;<a href=\"https:\/\/geneve2022.aic-iac.org\/es\/theme-du-congres\" target=\"_blank\" rel=\"noopener\"><span style=\"text-decoration: underline;\">Melting Pot: From the alchemist&#8217;s crisol to the cultural crisol<\/span><\/a>&#8221; se basa acertadamente en la dimensi\u00f3n internacional de Ginebra, una ciudad donde las culturas, los h\u00e1bitos y la pol\u00edtica tienden a fusionarse. Este tema tambi\u00e9n est\u00e1 vinculado a la alianza oficial de la AIC con la UNESCO como organizaci\u00f3n no gubernamental, enfatizando as\u00ed la universalidad del uso de la tierra en su diversidad.<\/p>\n<\/td>\n<td style=\"width: 50%;\">\n<p>El programa de 5 d\u00edas consistir\u00e1 en conferencias acad\u00e9micas y profesionales, debates, visitas a exposiciones nacionales e internacionales.<\/p>\n<p>Puntos principales del congreso:<\/p>\n<ul>\n<li>La exposici\u00f3n de los miembros se llevar\u00e1 a cabo en el prestigioso Museo Ariana, sede de AIC. Una exposici\u00f3n novedosa que recorre los archivos de la AIC en el Museo Ariana.<\/li>\n<li>La exposici\u00f3n de ceramistas suizos presentada en dos museos, en Nyon y Neuch\u00e2tel.<\/li>\n<li>M\u00e1s de 30 exposiciones en museos nacionales y privados, galer\u00edas de arte e instituciones hist\u00f3ricas o contempor\u00e1neas.<\/li>\n<li>Noche de la UNESCO.<\/li>\n<\/ul>\n<p>&nbsp;<\/p>\n<p>El congreso est\u00e1 organizado por <span style=\"text-decoration: underline;\"><a href=\"https:\/\/swissceramics.ch\/\" target=\"_blank\" rel=\"noopener\">swissceramics<\/a><\/span>, la asociaci\u00f3n suiza de ceramistas profesionales.<\/p>\n<p>DESCARGAR en PDF:<br \/>el <strong>cat\u00e1logo<\/strong> (en ingl\u00e8s) <a href=\"https:\/\/geneve2022.aic-iac.org\/wp-content\/uploads\/sites\/5\/2022\/07\/IAC-Geneva-Congress-2022_BOOKLET.pdf\">&gt; AQU\u00cd &lt;<\/a><br \/>el <strong>mapa <\/strong>(en ingl\u00e8s) <a href=\"https:\/\/geneve2022.aic-iac.org\/wp-content\/uploads\/sites\/5\/2022\/07\/IAC-Geneva-Congress-2022_MAP.pdf\">&gt; AQU\u00cd &lt;<\/a><br \/>el <strong>programa<\/strong> (en espa\u00f1ol) <a href=\"https:\/\/geneve2022.aic-iac.org\/wp-content\/uploads\/sites\/5\/2022\/08\/Congress2022-Programme-SP.pdf\">&gt; AQU\u00cd &lt;<\/a><\/p>\n<\/td>\n<\/tr>\n<\/tbody>\n<\/table>\n<p>&nbsp;<\/p>\n<p>&nbsp;<\/p>\n<p>&nbsp;<\/p>\n","protected":false,"raw":"<table style=\"border-collapse: collapse; width: 100%;\">\r\n<tbody>\r\n<tr>\r\n<td style=\"width: 50%;\" colspan=\"2\"><img class=\"alignnone size-full wp-image-58\" src=\"https:\/\/geneve2022.aic-iac.org\/wp-content\/uploads\/sites\/5\/2021\/12\/SWISSCERAMICS_POSTER_A3_V1.2_lowres.jpg\" alt=\"\" width=\"1169\" height=\"1654\" \/><\/td>\r\n<\/tr>\r\n<tr>\r\n<td style=\"width: 50%;\">\r\n<h3>CONGRESO DE LA AIC<br \/>GINEBRA 2022<br \/>12-16 de septiembre de 2022<\/h3>\r\n<p>La Academia Internacional de Cer\u00e1mica (AIC) celebrar\u00e1 su 70 aniversario y su 50 congreso en 2022. Es por tanto en su coraz\u00f3n, en Ginebra, Suiza, cuna y sede de la AIC que este congreso jubilar tendr\u00e1 lugar del 12 al 16 de septiembre 2022 presencial en el CICG en Ginebra, Suiza. Las conferencias estar\u00e1n disponibles en l\u00ednea para reproducirlas despu\u00e9s del Congreso.<\/p>\r\n<p>La Asamblea General est\u00e1 abierta a todos los miembros de la AIC, de forma gratuita (previa inscripci\u00f3n).<\/p>\r\n<p>El tema central \"<a href=\"https:\/\/geneve2022.aic-iac.org\/es\/theme-du-congres\" target=\"_blank\" rel=\"noopener\"><span style=\"text-decoration: underline;\">Melting Pot: From the alchemist's crisol to the cultural crisol<\/span><\/a>\" se basa acertadamente en la dimensi\u00f3n internacional de Ginebra, una ciudad donde las culturas, los h\u00e1bitos y la pol\u00edtica tienden a fusionarse. Este tema tambi\u00e9n est\u00e1 vinculado a la alianza oficial de la AIC con la UNESCO como organizaci\u00f3n no gubernamental, enfatizando as\u00ed la universalidad del uso de la tierra en su diversidad.<\/p>\r\n<\/td>\r\n<td style=\"width: 50%;\">\r\n<p>El programa de 5 d\u00edas consistir\u00e1 en conferencias acad\u00e9micas y profesionales, debates, visitas a exposiciones nacionales e internacionales.<\/p>\r\n<p>Puntos principales del congreso:<\/p>\r\n<ul>\r\n<li>La exposici\u00f3n de los miembros se llevar\u00e1 a cabo en el prestigioso Museo Ariana, sede de AIC. Una exposici\u00f3n novedosa que recorre los archivos de la AIC en el Museo Ariana.<\/li>\r\n<li>La exposici\u00f3n de ceramistas suizos presentada en dos museos, en Nyon y Neuch\u00e2tel.<\/li>\r\n<li>M\u00e1s de 30 exposiciones en museos nacionales y privados, galer\u00edas de arte e instituciones hist\u00f3ricas o contempor\u00e1neas.<\/li>\r\n<li>Noche de la UNESCO.<\/li>\r\n<\/ul>\r\n<p>&nbsp;<\/p>\r\n<p>El congreso est\u00e1 organizado por <span style=\"text-decoration: underline;\"><a href=\"https:\/\/swissceramics.ch\/\" target=\"_blank\" rel=\"noopener\">swissceramics<\/a><\/span>, la asociaci\u00f3n suiza de ceramistas profesionales.<\/p>\r\n<p>DESCARGAR en PDF:<br \/>el <strong>cat\u00e1logo<\/strong> (en ingl\u00e8s) <a href=\"https:\/\/geneve2022.aic-iac.org\/wp-content\/uploads\/sites\/5\/2022\/07\/IAC-Geneva-Congress-2022_BOOKLET.pdf\">&gt; AQU\u00cd &lt;<\/a><br \/>el <strong>mapa <\/strong>(en ingl\u00e8s) <a href=\"https:\/\/geneve2022.aic-iac.org\/wp-content\/uploads\/sites\/5\/2022\/07\/IAC-Geneva-Congress-2022_MAP.pdf\">&gt; AQU\u00cd &lt;<\/a><br \/>el <strong>programa<\/strong> (en espa\u00f1ol) <a href=\"https:\/\/geneve2022.aic-iac.org\/wp-content\/uploads\/sites\/5\/2022\/08\/Congress2022-Programme-SP.pdf\">&gt; AQU\u00cd &lt;<\/a><\/p>\r\n<\/td>\r\n<\/tr>\r\n<\/tbody>\r\n<\/table>\r\n<p>&nbsp;<\/p>\r\n<p>&nbsp;<\/p>\r\n<p>&nbsp;<\/p>"},"excerpt":{"rendered":"<p>Presentaci\u00f3n del 50\u00ba Congreso y Asamblea General de la AIC.<\/p>\n","protected":false,"raw":"Presentaci\u00f3n del 50\u00ba Congreso y Asamblea General de la AIC."},"author":2192,"featured_media":13,"parent":0,"menu_order":0,"comment_status":"closed","ping_status":"closed","template":"","meta":{"_fr_post_content":"<table style=\"border-collapse: collapse; width: 100%;\">\r\n<tbody>\r\n<tr>\r\n<td style=\"width: 50%;\" colspan=\"2\"><img class=\"alignnone size-full wp-image-58\" src=\"https:\/\/geneve2022.aic-iac.org\/wp-content\/uploads\/sites\/5\/2021\/12\/SWISSCERAMICS_POSTER_A3_V1.2_lowres.jpg\" alt=\"\" width=\"1169\" height=\"1654\" \/><\/td>\r\n<\/tr>\r\n<tr>\r\n<td style=\"width: 50%;\">\r\n<h3>CONGR\u00c8S AIC<br \/>GEN\u00c8VE 2022<br \/>12-16 septembre 2022<\/h3>\r\n<p>L\u2019Acad\u00e9mie Internationale de la C\u00e9ramique (AIC) f\u00eatera son 70\u00e8me anniversaire et son 50\u00e8me congr\u00e8s en 2022. C\u2019est donc en son c\u0153ur, \u00e0 Gen\u00e8ve en Suisse, berceau et si\u00e8ge de l\u2019AIC que se d\u00e9roulera ce congr\u00e8s jubil\u00e9 <span style=\"text-decoration: underline;\">du 12 au 16 septembre 2022<\/span>, propos\u00e9 en pr\u00e9sentiel au CICG. Les conf\u00e9rences seront disponibles en ligne par rediffusion apr\u00e8s le Congr\u00e8s.<\/p>\r\n<p>L'Assembl\u00e9e g\u00e9n\u00e9rale sera ouverte gratuitement \u00e0 tous les membres de l'AIC (sur inscription).<\/p>\r\n<p>La th\u00e9matique centrale \u00ab <a href=\"https:\/\/geneve2022.aic-iac.org\/theme-du-congres\/\">Melting Pot. Du creuset alchimique au creuset culturel<\/a> \u00bb prend \u00e0 juste titre appui sur la dimension internationale de Gen\u00e8ve, ville o\u00f9 les cultures, les pratiques et la politique tendent \u00e0 se fondre. Ce th\u00e8me est \u00e9galement li\u00e9 au partenariat officiel de l\u2019AIC avec l\u2019UNESCO en tant qu\u2019organisation non gouvernementale, soulignant ainsi l\u2019universalit\u00e9 du travail de la terre dans sa diversit\u00e9.<\/p>\r\n<\/td>\r\n<td style=\"width: 50%;\">\r\n<p>Le programme de 5 jours qui sera compos\u00e9 de conf\u00e9rences acad\u00e9miques et professionnelles, de d\u00e9bats, de visites d\u2019expositions nationales et internationales.<\/p>\r\n<p>Points forts :<\/p>\r\n<ul>\r\n<li>L\u2019exposition des membres accueillie dans le prestigieux Mus\u00e9e Ariana, si\u00e8ge de l\u2019AIC.<\/li>\r\n<li>Une exposition in\u00e9dite retra\u00e7ant les archives de l\u2019AIC au Mus\u00e9e Ariana.<\/li>\r\n<li>L\u2019exposition des c\u00e9ramistes suisses pr\u00e9sent\u00e9e dans deux mus\u00e9es, \u00e0 Nyon et Neuch\u00e2tel.<\/li>\r\n<li>Plus de 30 expositions dans des mus\u00e9es nationaux et priv\u00e9s, des galeries d\u2019art et des institutions historiques ou contemporaines.<\/li>\r\n<li>La soir\u00e9e UNESCO.<\/li>\r\n<\/ul>\r\n<p><br \/>Le Congr\u00e8s est accueilli par <a href=\"https:\/\/swissceramics.ch\/fr\/\">swissceramics<\/a>, l\u2019association suisse des c\u00e9ramistes professionnels.<br \/><br \/>T\u00c9L\u00c9CHARGER en PDF:<br \/>la <strong>BROCHURE<\/strong> <a href=\"https:\/\/geneve2022.aic-iac.org\/wp-content\/uploads\/sites\/5\/2022\/07\/IAC-Geneva-Congress-2022_BOOKLET.pdf\">&gt; ICI &lt;<\/a><br \/>la <strong>CARTE<\/strong> <a href=\"https:\/\/geneve2022.aic-iac.org\/wp-content\/uploads\/sites\/5\/2022\/07\/IAC-Geneva-Congress-2022_MAP.pdf\">&gt; ICI &lt;<\/a><br \/>le <strong>PROGRAMME<\/strong> <a href=\"https:\/\/geneve2022.aic-iac.org\/wp-content\/uploads\/sites\/5\/2022\/09\/Congre\u0300s2022-programme-FR.pdf\">&gt; ICI &lt;<\/a><br \/>(Versi\u00f3n en espa\u00f1ol <a href=\"https:\/\/geneve2022.aic-iac.org\/wp-content\/uploads\/sites\/5\/2022\/08\/Congress2022-Programme-SP.pdf\">&gt; AQU\u00cd &lt;<\/a>)<\/p>\r\n<\/td>\r\n<\/tr>\r\n<\/tbody>\r\n<\/table>\r\n<p>&nbsp;<\/p>\r\n<p>&nbsp;<\/p>\r\n<p>&nbsp;<\/p>","_fr_post_name":"a-propos","_fr_post_excerpt":"Pr\u00e9sentation du 50e Congr\u00e8s et Assembl\u00e9e G\u00e9n\u00e9rale de l'AIC.","_fr_post_title":"A propos","_es_post_content":"<table style=\"border-collapse: collapse; width: 100%;\">\r\n<tbody>\r\n<tr>\r\n<td style=\"width: 50%;\" colspan=\"2\"><img class=\"alignnone size-full wp-image-58\" src=\"https:\/\/geneve2022.aic-iac.org\/wp-content\/uploads\/sites\/5\/2021\/12\/SWISSCERAMICS_POSTER_A3_V1.2_lowres.jpg\" alt=\"\" width=\"1169\" height=\"1654\" \/><\/td>\r\n<\/tr>\r\n<tr>\r\n<td style=\"width: 50%;\">\r\n<h3>CONGRESO DE LA AIC<br \/>GINEBRA 2022<br \/>12-16 de septiembre de 2022<\/h3>\r\n<p>La Academia Internacional de Cer\u00e1mica (AIC) celebrar\u00e1 su 70 aniversario y su 50 congreso en 2022. Es por tanto en su coraz\u00f3n, en Ginebra, Suiza, cuna y sede de la AIC que este congreso jubilar tendr\u00e1 lugar del 12 al 16 de septiembre 2022 presencial en el CICG en Ginebra, Suiza. Las conferencias estar\u00e1n disponibles en l\u00ednea para reproducirlas despu\u00e9s del Congreso.<\/p>\r\n<p>La Asamblea General est\u00e1 abierta a todos los miembros de la AIC, de forma gratuita (previa inscripci\u00f3n).<\/p>\r\n<p>El tema central \"<a href=\"https:\/\/geneve2022.aic-iac.org\/es\/theme-du-congres\" target=\"_blank\" rel=\"noopener\"><span style=\"text-decoration: underline;\">Melting Pot: From the alchemist's crisol to the cultural crisol<\/span><\/a>\" se basa acertadamente en la dimensi\u00f3n internacional de Ginebra, una ciudad donde las culturas, los h\u00e1bitos y la pol\u00edtica tienden a fusionarse. Este tema tambi\u00e9n est\u00e1 vinculado a la alianza oficial de la AIC con la UNESCO como organizaci\u00f3n no gubernamental, enfatizando as\u00ed la universalidad del uso de la tierra en su diversidad.<\/p>\r\n<\/td>\r\n<td style=\"width: 50%;\">\r\n<p>El programa de 5 d\u00edas consistir\u00e1 en conferencias acad\u00e9micas y profesionales, debates, visitas a exposiciones nacionales e internacionales.<\/p>\r\n<p>Puntos principales del congreso:<\/p>\r\n<ul>\r\n<li>La exposici\u00f3n de los miembros se llevar\u00e1 a cabo en el prestigioso Museo Ariana, sede de AIC. Una exposici\u00f3n novedosa que recorre los archivos de la AIC en el Museo Ariana.<\/li>\r\n<li>La exposici\u00f3n de ceramistas suizos presentada en dos museos, en Nyon y Neuch\u00e2tel.<\/li>\r\n<li>M\u00e1s de 30 exposiciones en museos nacionales y privados, galer\u00edas de arte e instituciones hist\u00f3ricas o contempor\u00e1neas.<\/li>\r\n<li>Noche de la UNESCO.<\/li>\r\n<\/ul>\r\n<p>&nbsp;<\/p>\r\n<p>El congreso est\u00e1 organizado por <span style=\"text-decoration: underline;\"><a href=\"https:\/\/swissceramics.ch\/\" target=\"_blank\" rel=\"noopener\">swissceramics<\/a><\/span>, la asociaci\u00f3n suiza de ceramistas profesionales.<\/p>\r\n<p>DESCARGAR en PDF:<br \/>el <strong>cat\u00e1logo<\/strong> (en ingl\u00e8s) <a href=\"https:\/\/geneve2022.aic-iac.org\/wp-content\/uploads\/sites\/5\/2022\/07\/IAC-Geneva-Congress-2022_BOOKLET.pdf\">&gt; AQU\u00cd &lt;<\/a><br \/>el <strong>mapa <\/strong>(en ingl\u00e8s) <a href=\"https:\/\/geneve2022.aic-iac.org\/wp-content\/uploads\/sites\/5\/2022\/07\/IAC-Geneva-Congress-2022_MAP.pdf\">&gt; AQU\u00cd &lt;<\/a><br \/>el <strong>programa<\/strong> (en espa\u00f1ol) <a href=\"https:\/\/geneve2022.aic-iac.org\/wp-content\/uploads\/sites\/5\/2022\/08\/Congress2022-Programme-SP.pdf\">&gt; AQU\u00cd &lt;<\/a><\/p>\r\n<\/td>\r\n<\/tr>\r\n<\/tbody>\r\n<\/table>\r\n<p>&nbsp;<\/p>\r\n<p>&nbsp;<\/p>\r\n<p>&nbsp;<\/p>","_es_post_name":"a-propos","_es_post_excerpt":"Presentaci\u00f3n del 50\u00ba Congreso y Asamblea General de la AIC.","_es_post_title":"Sobre el Congreso","_en_post_content":"<table style=\"border-collapse: collapse; width: 100%; height: 89px;\">\r\n<tbody>\r\n<tr>\r\n<td style=\"width: 50%;\" colspan=\"2\">\r\n<h3><img class=\"alignnone size-full wp-image-58\" src=\"https:\/\/geneve2022.aic-iac.org\/wp-content\/uploads\/sites\/5\/2021\/12\/SWISSCERAMICS_POSTER_A3_V1.2_lowres.jpg\" alt=\"\" width=\"1169\" height=\"1654\" \/><\/h3>\r\n<\/td>\r\n<\/tr>\r\n<tr style=\"height: 89px;\">\r\n<td style=\"width: 50%; height: 89px;\">\r\n<h3>IAC CONGRESS<br \/>GENEVA 2022<br \/>12 - 16 September 2022<\/h3>\r\n<p>&nbsp;<\/p>\r\n<p>The International Academy of Ceramics (IAC) will celebrate its 70th anniversary and its 50th congress in 2022. It is therefore in its heart, in Geneva, Switzerland, cradle and headquarters of the IAC that this jubilee congress will take place from <span style=\"text-decoration: underline;\">12th to 16th September 2022<\/span> face-to-face at the CICG in Geneva, Switzerland. The lectures will be available online for replay after the Congress.<\/p>\r\n<p>The General Assembly is open to all IAC members, free of charge (upon registration).<\/p>\r\n<p>The central theme <em>\u201c<\/em><a href=\"https:\/\/geneve2022.aic-iac.org\/en\/theme-du-congres\/\">Melting Pot: From the alchemist\u2019s crucible to the cultural crucible<\/a><em>\u201d<\/em> is rightly based on the international dimension of Geneva, a city where cultures, habits and politics tend to merge. This theme is also linked to IAC's official partnership with UNESCO as a non-governmental organisation, thus emphasising the universality of the use of earth in its diversity.<\/p>\r\n<\/td>\r\n<td style=\"width: 50%; height: 89px;\">\r\n<p>The 5-day programme will consist of academic and professional conferences, debates, visits to national and international exhibitions.<\/p>\r\n<p>Highlights:<\/p>\r\n<ul>\r\n<li>The members' exhibition hosted in the prestigious Ariana Museum, home of IAC.<\/li>\r\n<li>A novel exhibition retracing the IAC archives at the Ariana Museum.<\/li>\r\n<li>The exhibition of Swiss ceramicists presented in two museums, in Nyon and Neuch\u00e2tel.<\/li>\r\n<li>More than 30 exhibitions in national and private museums, art galleries and historical or contemporary institutions.<\/li>\r\n<li>The UNESCO evening.<\/li>\r\n<\/ul>\r\n<p><br \/>The Congress is hosted by <a href=\"https:\/\/swissceramics.ch\/en\/\">swissceramics<\/a>, the Swiss association of professional ceramicists.<br \/><br \/>DOWNLOAD in PDF format:<br \/>the <strong>BROCHURE<\/strong> <a href=\"https:\/\/geneve2022.aic-iac.org\/wp-content\/uploads\/sites\/5\/2022\/07\/IAC-Geneva-Congress-2022_BOOKLET.pdf\">&gt; HERE &lt;<\/a><br \/>the <strong>MAP<\/strong> <a href=\"https:\/\/geneve2022.aic-iac.org\/wp-content\/uploads\/sites\/5\/2022\/07\/IAC-Geneva-Congress-2022_MAP.pdf\">&gt; HERE &lt;<\/a><br \/>the <strong>PROGRAMME<\/strong> <a href=\"https:\/\/geneve2022.aic-iac.org\/wp-content\/uploads\/sites\/5\/2022\/09\/Congress2022-Programme-EN.pdf\">&gt;HERE &lt;<\/a><br \/>(Versi\u00f3n en espa\u00f1ol <a href=\"https:\/\/geneve2022.aic-iac.org\/wp-content\/uploads\/sites\/5\/2022\/08\/Congress2022-Programme-SP.pdf\">&gt; AQU\u00cd &lt;<\/a>)<\/p>\r\n<\/td>\r\n<\/tr>\r\n<\/tbody>\r\n<\/table>\r\n<p>&nbsp;<\/p>","_en_post_name":"a-propos","_en_post_excerpt":"Presentation of the 50th IAC Congress and General Assembly.","_en_post_title":"About","edit_language":"es","footnotes":""},"class_list":["post-18","page","type-page","status-publish","has-post-thumbnail","hentry"],"_links":{"self":[{"href":"https:\/\/geneve2022.aic-iac.org\/es\/wp-json\/wp\/v2\/pages\/18","targetHints":{"allow":["GET"]}}],"collection":[{"href":"https:\/\/geneve2022.aic-iac.org\/es\/wp-json\/wp\/v2\/pages"}],"about":[{"href":"https:\/\/geneve2022.aic-iac.org\/es\/wp-json\/wp\/v2\/types\/page"}],"author":[{"embeddable":true,"href":"https:\/\/geneve2022.aic-iac.org\/es\/wp-json\/wp\/v2\/users\/2192"}],"replies":[{"embeddable":true,"href":"https:\/\/geneve2022.aic-iac.org\/es\/wp-json\/wp\/v2\/comments?post=18"}],"version-history":[{"count":45,"href":"https:\/\/geneve2022.aic-iac.org\/es\/wp-json\/wp\/v2\/pages\/18\/revisions"}],"predecessor-version":[{"id":1585,"href":"https:\/\/geneve2022.aic-iac.org\/es\/wp-json\/wp\/v2\/pages\/18\/revisions\/1585"}],"wp:featuredmedia":[{"embeddable":true,"href":"https:\/\/geneve2022.aic-iac.org\/es\/wp-json\/wp\/v2\/media\/13"}],"wp:attachment":[{"href":"https:\/\/geneve2022.aic-iac.org\/es\/wp-json\/wp\/v2\/media?parent=18"}],"curies":[{"name":"wp","href":"https:\/\/api.w.org\/{rel}","templated":true}]}}