{"id":1522,"date":"2022-09-12T08:33:35","date_gmt":"2022-09-12T06:33:35","guid":{"rendered":"https:\/\/geneve2022.aic-iac.org\/?page_id=1522"},"modified":"2022-10-12T16:23:28","modified_gmt":"2022-10-12T14:23:28","slug":"expositions-virtuelles","status":"publish","type":"page","link":"https:\/\/geneve2022.aic-iac.org\/es\/expositions-virtuelles\/","title":{"rendered":"","raw":""},"content":{"rendered":"","protected":false,"raw":""},"excerpt":{"rendered":"","protected":false,"raw":""},"author":2192,"featured_media":1534,"parent":0,"menu_order":0,"comment_status":"closed","ping_status":"closed","template":"","meta":{"_fr_post_content":"<table>\r\n<tbody>\r\n<tr>\r\n<td style=\"width: 614px\" colspan=\"2\"><img class=\"alignnone size-full wp-image-1534\" src=\"https:\/\/geneve2022.aic-iac.org\/wp-content\/uploads\/sites\/5\/2022\/08\/Screen-Shot-2022-08-18-at-09.51.34.png\" alt=\"\" width=\"1654\" height=\"1186\" \/><\/td>\r\n<\/tr>\r\n<tr>\r\n<td style=\"width: 612px;background-color: #c9c6d8\" colspan=\"2\">\r\n<h3>\u00a0<\/h3>\r\n<h3>Expositions virtuelles<\/h3>\r\n<p>&nbsp;<\/p>\r\n<p>Pour suppl\u00e9menter les expositions parsem\u00e9es \u00e0 Gen\u00e8ve, le 50\u00e8me Congr\u00e8s de l'AIC propose deux expositions de ses membres virtuelles: l'exposition \"Members' Best\" et \"The Age of Influence: exposition des artistes membres de l'Am\u00e9rique du Nord\".<\/p>\r\n<\/td>\r\n<\/tr>\r\n<tr>\r\n<td style=\"width: 614px\" colspan=\"2\"><span class=\"caption\"><span class=\"caption\">* Veuillez noter que les informations contenues sur cette page peuvent faire l'objet de modifications<\/span><\/span><\/td>\r\n<\/tr>\r\n<tr>\r\n<td style=\"width: 614px\" colspan=\"2\">\u00a0<\/td>\r\n<\/tr>\r\n<tr>\r\n<td>\r\n<h3>IAC Members' Best Exhibition<\/h3>\r\n<\/td>\r\n<td>\u00a0<\/td>\r\n<\/tr>\r\n<tr>\r\n<td>\r\n<p>L'exposition en ligne <em>\"Members' Best 2022\"<\/em> repr\u00e9sente l'aboutissement d'une longue \u00e9volution dans la pr\u00e9sentation des \u0153uvres des membres de l'AIC au cours des 70 derni\u00e8res ann\u00e9es. \u00c0 l'origine, lorsque les membres \u00e9taient beaucoup moins nombreux, il \u00e9tait plus facile d'organiser des expositions internationales d'\u0153uvres en c\u00e9ramique, et les premi\u00e8res expositions de l'AIC ont \u00e9t\u00e9 des pionni\u00e8res dans la pr\u00e9sentation de la diversit\u00e9 des cultures c\u00e9ramiques (la \"World Cultural Exchange\" de 1960, par exemple, a r\u00e9uni des \u0153uvres de 23 nations). Au fur et \u00e0 mesure que l'organisation s'est d\u00e9velopp\u00e9e, les expositions se sont multipli\u00e9es, mais aussi la complexit\u00e9 des d\u00e9fis organisationnels. Au d\u00e9but des ann\u00e9es 2000, alors que le nombre de membres avait \u00e9norm\u00e9ment augment\u00e9, des membres du monde entier apportaient avec eux de petites \u0153uvres \u00e0 exposer lors du congr\u00e8s biennal.\u00a0<\/p>\r\n<p>Aujourd'hui, apr\u00e8s le premier congr\u00e8s enti\u00e8rement virtuel de 2021, l'AIC a d\u00e9cid\u00e9 d'exp\u00e9rimenter avec un format d'exposition en ligne. Ce format pr\u00e9sente de nombreux avantages: il est ouvert aux membres qui ne peuvent pas se rendre physiquement \u00e0 Gen\u00e8ve, il peut \u00eatre vu par des personnes du monde entier et il offre aux artistes c\u00e9ramistes de toutes sortes, de ceux qui fabriquent de petits r\u00e9cipients \u00e0 ceux qui cr\u00e9ent des installations gigantesques, une chance \u00e9gale de partager leur travail.\u00a0<\/p>\r\n<\/td>\r\n<td>\r\n<p>Les premiers promoteurs de l'AIC n'ont jamais \u00e9t\u00e9 int\u00e9ress\u00e9s par la simple promotion du travail de leurs membres individuels, mais par la construction de ponts entre les cultures par le biais du m\u00e9dium universel qu'est l'argile. Bien avant le r\u00e9seau de l'Internet, l'AIC a cherch\u00e9 \u00e0 d\u00e9velopper un r\u00e9seau d'artistes, non pas dans un but d'auto-grandissement, mais dans un but de rapprochement culturel. Rare dans le monde de l'art professionnel, cette tradition se poursuit aujourd'hui dans l'exposition Members' Best, et b\u00e9n\u00e9ficie \u00e9norm\u00e9ment du nouveau format en ligne.\u00a0<\/p>\r\n<p>Afin d'accueillir tous les artistes, les \u0153uvres ont \u00e9t\u00e9 divis\u00e9es en deux galeries, \"A\" et \"B\". Les liens vers chacune d'elles sont indiqu\u00e9s ci-dessous:<\/p>\r\n<p><a href=\"https:\/\/assets.artplacer.com\/virtual-exhibitions\/?i=4662\" target=\"_blank\" rel=\"noopener\"><span style=\"text-decoration: underline\">&gt; Gallery A<\/span><\/a><\/p>\r\n<p><a href=\"https:\/\/assets.artplacer.com\/virtual-exhibitions\/?i=5317\" target=\"_blank\" rel=\"noopener\"><span style=\"text-decoration: underline\">&gt; Gallery B<\/span><\/a><\/p>\r\n<p><span style=\"text-decoration: underline\"><a href=\"https:\/\/geneve2022.aic-iac.org\/wp-content\/uploads\/sites\/5\/2022\/09\/Complete-List-of-Participants-in-Members.pdf\" target=\"_blank\" rel=\"noopener\">&gt; Liste des participants<\/a><\/span><\/p>\r\n<\/td>\r\n<\/tr>\r\n<tr>\r\n<td>\r\n<p>&nbsp;<\/p>\r\n<\/td>\r\n<td>\r\n<p>&nbsp;<\/p>\r\n<\/td>\r\n<\/tr>\r\n<tr>\r\n<td style=\"width: 614px\" colspan=\"2\">\u00a0<\/td>\r\n<\/tr>\r\n<tr>\r\n<td>\r\n<h3>The Age of Influence: North American Artist Members Exhibition<\/h3>\r\n<\/td>\r\n<td>\u00a0<\/td>\r\n<\/tr>\r\n<tr>\r\n<td>\r\n<p>Commissaire d'exposition: Ray Chen<\/p>\r\n<p><em>The Age of Influence: North American Artist Members Exhibition<\/em> c\u00e9l\u00e8bre son 50\u00e8me Congr\u00e8s, les 70 ans de l'Acad\u00e9mie internationale de c\u00e9ramique depuis 1952. Elle inclut les \u00c9tats-Unis, le Canada, Porto Rico et la Jama\u00efque, refl\u00e9tant la mesure et l'influence critiques de l'AIC compte tenu de l'extraordinaire production professionnelle de ses membres. Elle offre une connexion \u00e9largie, une vision critique et des archives des r\u00e9alisations nord-am\u00e9ricaines au sein de l'Acad\u00e9mie internationale de c\u00e9ramique \u00e0 cette \u00e9poque remarquable.\u00a0 Nous comm\u00e9morons et rappelons nos histoires c\u00e9ramiques communes et la continuit\u00e9 culturelle artistique de l'AIC, d'autant plus que notre histoire a inspir\u00e9 la r\u00e9silience et la c\u00e9l\u00e9bration.\u00a0 Nous attestons \u00e9galement du mouvement et du changement artistiques et d'autres formes d'explorations qui ont des h\u00e9ritages persistants et prennent de nouvelles formes qui ont \u00e9lev\u00e9 notre motivation et notre vision en tant que corps.<\/p>\r\n<\/td>\r\n<td>\r\n<p>La 50\u00e8me exposition nord-am\u00e9ricaine des artistes membres de l'AIC, \"The Age of Influence\", est la premi\u00e8re exposition visuelle et technologique en ligne de ce type.\u00a0 Elle combine une technologie hybride contemporaine avec un affichage virtuel pour enrichir l'exp\u00e9rience esth\u00e9tique et est tout aussi gratifiante en r\u00e9alit\u00e9 pour de futures pr\u00e9sentations.<\/p>\r\n<p><a href=\"https:\/\/www.artsteps.com\/view\/62afd13ae0354530730b9906\" target=\"_blank\" rel=\"noopener\"><span style=\"text-decoration: underline\">&gt; Exposition<\/span><\/a><\/p>\r\n<\/td>\r\n<\/tr>\r\n<\/tbody>\r\n<\/table>","_fr_post_name":"expositions-virtuelles","_fr_post_excerpt":"Le 50\u00e8me Congr\u00e8s de l'AIC propose deux expositions de ses membres virtuelles.","_fr_post_title":"Expositions virtuelles","_es_post_content":"","_es_post_name":"expositions-virtuelles","_es_post_excerpt":"","_es_post_title":"","_en_post_content":"<table>\r\n<tbody>\r\n<tr>\r\n<td style=\"width: 614px;\" colspan=\"2\"><img class=\"alignnone size-full wp-image-1534\" src=\"https:\/\/geneve2022.aic-iac.org\/wp-content\/uploads\/sites\/5\/2022\/08\/Screen-Shot-2022-08-18-at-09.51.34.png\" alt=\"\" width=\"1654\" height=\"1186\" \/><\/td>\r\n<\/tr>\r\n<tr>\r\n<td style=\"width: 612px; background-color: #c9c6d8;\" colspan=\"2\">\r\n<h3>\u00a0<\/h3>\r\n<h3>Virtual Exhibitions<\/h3>\r\n<p>&nbsp;<\/p>\r\n<p>To supplement the exhibitions scattered around Geneva, the 50th IAC Congress features two virtual member exhibitions: the \"Members' Best Exhibition\" and \"The Age of Influence: North American Artist Members Exhibition\".<\/p>\r\n<\/td>\r\n<\/tr>\r\n<tr>\r\n<td style=\"width: 614px;\" colspan=\"2\"><span class=\"caption\">* Please note that the information on this page is subject to modification<\/span><\/td>\r\n<\/tr>\r\n<tr>\r\n<td style=\"width: 614px;\" colspan=\"2\">\u00a0<\/td>\r\n<\/tr>\r\n<tr>\r\n<td>\r\n<h3>IAC Members' Best Exhibition<\/h3>\r\n<\/td>\r\n<td>\u00a0<\/td>\r\n<\/tr>\r\n<tr>\r\n<td>\r\n<p><em>The Members\u2019 Best 2022 Online Exhibition<\/em> represents the culmination of a long evolution of showing IAC member works over the last 70 years. Originally, when the membership was much smaller, international exhibitions of ceramic works could be more easily organised, and early IAC shows pioneered the display of diversity in ceramic cultures (1960\u2019s \u201cWorld Cultural Exchange,\u201d for example, brought together work from 23 nations). As the organisation grew, so did the exhibitions, but also the complexity of the organisational challenges. By the early 2000\u2019s, with a membership that had grown enormously, members from all over the world were bringing with them small works to be displayed during the biennial congress.\u00a0<\/p>\r\n<p>Today, after the first entirely virtual congress of 2021, the IAC has decided to experiment with an online exhibition format. This format has numerous advantages: it is open to members who are unable to physically travel to Geneva, it can be viewed by people all over the world, and offers ceramic artists of all kinds, from those who make small vessels to those who create mammoth installations, an equal opportunity to share their work.\u00a0<\/p>\r\n<\/td>\r\n<td>\r\n<p>The early developers of the IAC were never interested in simply promoting the work of individual members, but in building bridges between cultures through the universal medium of clay. Long before the network of the Internet, the IAC sought to develop a network of artists, not for the goal of self-aggrandisement, but for the goal of cultural understanding. Rare in the professional art world, this tradition continues today in the Members\u2019 Best exhibition, and benefits enormously from the new online format.<\/p>\r\n<p>In order to accommodate all the artists, the work has been divided into two galleries, \"A\" and \"B\". Links to each are below:<\/p>\r\n<p><a href=\"https:\/\/assets.artplacer.com\/virtual-exhibitions\/?i=4662\" target=\"_blank\" rel=\"noopener\"><span style=\"text-decoration: underline;\">&gt; Gallery A<\/span><\/a><\/p>\r\n<p><a href=\"https:\/\/assets.artplacer.com\/virtual-exhibitions\/?i=5317\" target=\"_blank\" rel=\"noopener\"><span style=\"text-decoration: underline;\">&gt; Gallery B<\/span><\/a><\/p>\r\n<p><span style=\"text-decoration: underline;\"><a href=\"https:\/\/geneve2022.aic-iac.org\/wp-content\/uploads\/sites\/5\/2022\/09\/Complete-List-of-Participants-in-Members.pdf\">&gt; Complete List of Participants<\/a><\/span><\/p>\r\n<\/td>\r\n<\/tr>\r\n<tr>\r\n<td>\r\n<p>&nbsp;<\/p>\r\n<\/td>\r\n<td>\r\n<p>&nbsp;<\/p>\r\n<\/td>\r\n<\/tr>\r\n<tr>\r\n<td style=\"width: 614px;\" colspan=\"2\">\u00a0<\/td>\r\n<\/tr>\r\n<tr>\r\n<td>\r\n<h3>The Age of Influence: North American Artist Members Exhibition<\/h3>\r\n<\/td>\r\n<td>\u00a0<\/td>\r\n<\/tr>\r\n<tr>\r\n<td>\r\n<p>Curator: Ray Chen<\/p>\r\n<p><em>The Age of Influence:\u00a0North American Artist Members Exhibition<\/em> is celebrating its 50th Congress, 70 years of International Academy of Ceramics since 1952. It includes the USA, Canada, Puerto Rico, and Jamaica\u00a0reflecting the critical measure and influence of the IAC given the extraordinary professional output of its members. It\u00a0provides an expanded connection, a critical vision and an archive of North American achievements within the International Academy of Ceramics at this remarkable time.\u00a0 We commemorate and memorialize our shared ceramic histories and artistic cultural continuity of the IAC, especially since our history has inspired resilience and celebration.\u00a0 Also, we attest to artistic movement and change and other forms of explorations that have lingering legacies and take new forms which have elevated our motivation and vision as a body.<\/p>\r\n<\/td>\r\n<td>\r\n<p>The IAC 50th\u00a0North American Artist Members Exhibition, \u201cThe Age of Influence,\u201d is the first of its kind online visual and technological exhibition.\u00a0 It combines contemporary hybrid technology with virtual display to enrich the aesthetic experience and is equally rewarding in reality for\u00a0future presentations.<\/p>\r\n<p><a href=\"https:\/\/www.artsteps.com\/view\/62afd13ae0354530730b9906\" target=\"_blank\" rel=\"noopener\"><span style=\"text-decoration: underline;\">&gt; Exhibition<\/span><\/a><\/p>\r\n<\/td>\r\n<\/tr>\r\n<\/tbody>\r\n<\/table>","_en_post_name":"expositions-virtuelles","_en_post_excerpt":"The 50th IAC Congress features two virtual member exhibitions.","_en_post_title":"Virtual exhibitions","edit_language":"es","footnotes":""},"class_list":["post-1522","page","type-page","status-publish","has-post-thumbnail","hentry"],"_links":{"self":[{"href":"https:\/\/geneve2022.aic-iac.org\/es\/wp-json\/wp\/v2\/pages\/1522","targetHints":{"allow":["GET"]}}],"collection":[{"href":"https:\/\/geneve2022.aic-iac.org\/es\/wp-json\/wp\/v2\/pages"}],"about":[{"href":"https:\/\/geneve2022.aic-iac.org\/es\/wp-json\/wp\/v2\/types\/page"}],"author":[{"embeddable":true,"href":"https:\/\/geneve2022.aic-iac.org\/es\/wp-json\/wp\/v2\/users\/2192"}],"replies":[{"embeddable":true,"href":"https:\/\/geneve2022.aic-iac.org\/es\/wp-json\/wp\/v2\/comments?post=1522"}],"version-history":[{"count":21,"href":"https:\/\/geneve2022.aic-iac.org\/es\/wp-json\/wp\/v2\/pages\/1522\/revisions"}],"predecessor-version":[{"id":1671,"href":"https:\/\/geneve2022.aic-iac.org\/es\/wp-json\/wp\/v2\/pages\/1522\/revisions\/1671"}],"wp:featuredmedia":[{"embeddable":true,"href":"https:\/\/geneve2022.aic-iac.org\/es\/wp-json\/wp\/v2\/media\/1534"}],"wp:attachment":[{"href":"https:\/\/geneve2022.aic-iac.org\/es\/wp-json\/wp\/v2\/media?parent=1522"}],"curies":[{"name":"wp","href":"https:\/\/api.w.org\/{rel}","templated":true}]}}