{"id":951,"date":"2022-06-13T13:26:42","date_gmt":"2022-06-13T11:26:42","guid":{"rendered":"https:\/\/geneve2022.aic-iac.org\/?page_id=951"},"modified":"2022-09-12T11:39:50","modified_gmt":"2022-09-12T09:39:50","slug":"conferences","status":"publish","type":"page","link":"https:\/\/geneve2022.aic-iac.org\/en\/conferences\/","title":{"rendered":"Lectures","raw":"Lectures"},"content":{"rendered":"<table>\n<tbody>\n<tr>\n<td>\n<div id=\"attachment_95\" style=\"width: 2570px\" class=\"wp-caption alignnone\"><img loading=\"lazy\" decoding=\"async\" aria-describedby=\"caption-attachment-95\" class=\"size-full wp-image-95\" src=\"https:\/\/geneve2022.aic-iac.org\/wp-content\/uploads\/sites\/5\/2021\/12\/laurie-decroux-1mWkq0XTuGw-unsplash-scaled.jpg\" alt=\"\" width=\"2560\" height=\"1707\" srcset=\"https:\/\/geneve2022.aic-iac.org\/wp-content\/uploads\/sites\/5\/2021\/12\/laurie-decroux-1mWkq0XTuGw-unsplash-scaled.jpg 2560w, https:\/\/geneve2022.aic-iac.org\/wp-content\/uploads\/sites\/5\/2021\/12\/laurie-decroux-1mWkq0XTuGw-unsplash-300x200.jpg 300w, https:\/\/geneve2022.aic-iac.org\/wp-content\/uploads\/sites\/5\/2021\/12\/laurie-decroux-1mWkq0XTuGw-unsplash-1024x683.jpg 1024w, https:\/\/geneve2022.aic-iac.org\/wp-content\/uploads\/sites\/5\/2021\/12\/laurie-decroux-1mWkq0XTuGw-unsplash-768x512.jpg 768w, https:\/\/geneve2022.aic-iac.org\/wp-content\/uploads\/sites\/5\/2021\/12\/laurie-decroux-1mWkq0XTuGw-unsplash-1536x1024.jpg 1536w, https:\/\/geneve2022.aic-iac.org\/wp-content\/uploads\/sites\/5\/2021\/12\/laurie-decroux-1mWkq0XTuGw-unsplash-2048x1365.jpg 2048w\" sizes=\"auto, (max-width: 2560px) 100vw, 2560px\" \/><p id=\"caption-attachment-95\" class=\"wp-caption-text\">Photo: Laurie Decroux.<\/p><\/div>\n<\/td>\n<\/tr>\n<\/tbody>\n<\/table>\n<table style=\"width: 100.324%;\">\n<tbody>\n<tr>\n<td style=\"width: 612px; background-color: #c9c6d8;\" colspan=\"2\">\n<h3>\u00a0<\/h3>\n<h3>Lectures<\/h3>\n<p>The 50th IAC Congress will feature over 10 invited speakers, 8 member lectures, and more than 20 Breakout Sessions.<\/p>\n<\/td>\n<\/tr>\n<tr style=\"height: 100px;\">\n<td style=\"height: 10px; width: 98.7138%;\" colspan=\"2\"><span class=\"caption\">* Please note that the information on this page is subject to modifications and updates.<\/span><\/p>\n<p>&nbsp;<\/p>\n<\/td>\n<\/tr>\n<\/tbody>\n<\/table>\n","protected":false,"raw":"<table>\r\n<tbody>\r\n<tr>\r\n<td>\r\n[caption id=\"attachment_95\" align=\"alignnone\" width=\"2560\"]<img class=\"size-full wp-image-95\" src=\"https:\/\/geneve2022.aic-iac.org\/wp-content\/uploads\/sites\/5\/2021\/12\/laurie-decroux-1mWkq0XTuGw-unsplash-scaled.jpg\" alt=\"\" width=\"2560\" height=\"1707\" \/> Photo: Laurie Decroux.[\/caption]\r\n<\/td>\r\n<\/tr>\r\n<\/tbody>\r\n<\/table>\r\n<table style=\"width: 100.324%;\">\r\n<tbody>\r\n<tr>\r\n<td style=\"width: 612px; background-color: #c9c6d8;\" colspan=\"2\">\r\n<h3>\u00a0<\/h3>\r\n<h3>Lectures<\/h3>\r\n<p>The 50th IAC Congress will feature over 10 invited speakers, 8 member lectures, and more than 20 Breakout Sessions.<\/p>\r\n<\/td>\r\n<\/tr>\r\n<tr style=\"height: 100px;\">\r\n<td style=\"height: 10px; width: 98.7138%;\" colspan=\"2\"><span class=\"caption\">* Please note that the information on this page is subject to modifications and updates.<\/span>\r\n<p>&nbsp;<\/p>\r\n<\/td>\r\n<\/tr>\r\n<\/tbody>\r\n<\/table>"},"excerpt":{"rendered":"<p>The 50th IAC Congress will feature over 10 invited speakers, 8 member lectures, and more than 20 Breakout Sessions.<\/p>\n","protected":false,"raw":"The 50th IAC Congress will feature over 10 invited speakers, 8 member lectures, and more than 20 Breakout Sessions."},"author":2192,"featured_media":95,"parent":0,"menu_order":0,"comment_status":"closed","ping_status":"closed","template":"","meta":{"_fr_post_content":"<table>\r\n<tbody>\r\n<tr>\r\n<td>\r\n[caption id=\"attachment_95\" align=\"alignnone\" width=\"2560\"]<img class=\"size-full wp-image-95\" src=\"https:\/\/geneve2022.aic-iac.org\/wp-content\/uploads\/sites\/5\/2021\/12\/laurie-decroux-1mWkq0XTuGw-unsplash-scaled.jpg\" alt=\"\" width=\"2560\" height=\"1707\" \/> Photo: Laurie Decroux.[\/caption]\r\n<\/td>\r\n<\/tr>\r\n<\/tbody>\r\n<\/table>\r\n<table style=\"width: 100.324%;\">\r\n<tbody>\r\n<tr>\r\n<td style=\"width: 612px; background-color: #c9c6d8;\" colspan=\"2\">\r\n<h3>\u00a0<\/h3>\r\n<h3>Conf\u00e9rences<\/h3>\r\n<p>Le 50 Congr\u00e8s AIC comptera plus de 10 orateur.rice.s invit\u00e9.e.s, 8 conf\u00e9rences de membres et plus de 20 s\u00e9ances de d\u00e9bats.<\/p>\r\n<\/td>\r\n<\/tr>\r\n<tr style=\"height: 100px;\">\r\n<td style=\"height: 10px; width: 98.7138%;\" colspan=\"2\"><span class=\"caption\">* Veuillez noter que les informations contenues sur cette page peuvent faire l'objet de modifications.<\/span><\/td>\r\n<\/tr>\r\n<\/tbody>\r\n<\/table>","_fr_post_name":"conferences","_fr_post_excerpt":"Le 50 Congr\u00e8s AIC comptera plus de 10 orateur.rice.s invit\u00e9.e.s, 8 conf\u00e9rences de membres et plus de 20 s\u00e9ances de d\u00e9bats.","_fr_post_title":"Conf\u00e9rences","_es_post_content":"<table>\r\n<tbody>\r\n<tr>\r\n<td>\r\n[caption id=\"attachment_95\" align=\"alignnone\" width=\"2560\"]<img class=\"size-full wp-image-95\" src=\"https:\/\/geneve2022.aic-iac.org\/wp-content\/uploads\/sites\/5\/2021\/12\/laurie-decroux-1mWkq0XTuGw-unsplash-scaled.jpg\" alt=\"\" width=\"2560\" height=\"1707\" \/> Photo: Laurie Decroux.[\/caption]\r\n<\/td>\r\n<\/tr>\r\n<\/tbody>\r\n<\/table>\r\n<table style=\"width: 100.324%;\">\r\n<tbody>\r\n<tr>\r\n<td style=\"width: 612px; background-color: #c9c6d8;\" colspan=\"2\">\r\n<h3>\u00a0<\/h3>\r\n<h3>Conferencias<\/h3>\r\n<p>El 50\u00ba Congreso de la AIC contar\u00e1 con m\u00e1s de 10 ponentes invitados, 8 conferencias de miembros y m\u00e1s de 20 comunicaciones breves (breakout sessions).<\/p>\r\n<\/td>\r\n<\/tr>\r\n<tr style=\"height: 100px;\">\r\n<td style=\"height: 10px; width: 98.7138%;\" colspan=\"2\"><span class=\"caption\">* Tenga en cuenta que la informaci\u00f3n de esta p\u00e1gina est\u00e1 sujeta a modificaciones y actualizaciones.<\/span>\r\n<p>&nbsp;<\/p>\r\n<\/td>\r\n<\/tr>\r\n<\/tbody>\r\n<\/table>","_es_post_name":"conferences","_es_post_excerpt":"El 50\u00ba Congreso de la AIC contar\u00e1 con m\u00e1s de 10 ponentes invitados, 8 conferencias de miembros y m\u00e1s de 20 sesiones de debate.","_es_post_title":"Conferencias","_en_post_content":"<table>\r\n<tbody>\r\n<tr>\r\n<td>\r\n[caption id=\"attachment_95\" align=\"alignnone\" width=\"2560\"]<img class=\"size-full wp-image-95\" src=\"https:\/\/geneve2022.aic-iac.org\/wp-content\/uploads\/sites\/5\/2021\/12\/laurie-decroux-1mWkq0XTuGw-unsplash-scaled.jpg\" alt=\"\" width=\"2560\" height=\"1707\" \/> Photo: Laurie Decroux.[\/caption]\r\n<\/td>\r\n<\/tr>\r\n<\/tbody>\r\n<\/table>\r\n<table style=\"width: 100.324%;\">\r\n<tbody>\r\n<tr>\r\n<td style=\"width: 612px; background-color: #c9c6d8;\" colspan=\"2\">\r\n<h3>\u00a0<\/h3>\r\n<h3>Lectures<\/h3>\r\n<p>The 50th IAC Congress will feature over 10 invited speakers, 8 member lectures, and more than 20 Breakout Sessions.<\/p>\r\n<\/td>\r\n<\/tr>\r\n<tr style=\"height: 100px;\">\r\n<td style=\"height: 10px; width: 98.7138%;\" colspan=\"2\"><span class=\"caption\">* Please note that the information on this page is subject to modifications and updates.<\/span>\r\n<p>&nbsp;<\/p>\r\n<\/td>\r\n<\/tr>\r\n<\/tbody>\r\n<\/table>","_en_post_name":"conferences","_en_post_excerpt":"The 50th IAC Congress will feature over 10 invited speakers, 8 member lectures, and more than 20 Breakout Sessions.","_en_post_title":"Lectures","edit_language":"en","footnotes":""},"class_list":["post-951","page","type-page","status-publish","has-post-thumbnail","hentry"],"_links":{"self":[{"href":"https:\/\/geneve2022.aic-iac.org\/en\/wp-json\/wp\/v2\/pages\/951","targetHints":{"allow":["GET"]}}],"collection":[{"href":"https:\/\/geneve2022.aic-iac.org\/en\/wp-json\/wp\/v2\/pages"}],"about":[{"href":"https:\/\/geneve2022.aic-iac.org\/en\/wp-json\/wp\/v2\/types\/page"}],"author":[{"embeddable":true,"href":"https:\/\/geneve2022.aic-iac.org\/en\/wp-json\/wp\/v2\/users\/2192"}],"replies":[{"embeddable":true,"href":"https:\/\/geneve2022.aic-iac.org\/en\/wp-json\/wp\/v2\/comments?post=951"}],"version-history":[{"count":5,"href":"https:\/\/geneve2022.aic-iac.org\/en\/wp-json\/wp\/v2\/pages\/951\/revisions"}],"predecessor-version":[{"id":964,"href":"https:\/\/geneve2022.aic-iac.org\/en\/wp-json\/wp\/v2\/pages\/951\/revisions\/964"}],"wp:featuredmedia":[{"embeddable":true,"href":"https:\/\/geneve2022.aic-iac.org\/en\/wp-json\/wp\/v2\/media\/95"}],"wp:attachment":[{"href":"https:\/\/geneve2022.aic-iac.org\/en\/wp-json\/wp\/v2\/media?parent=951"}],"curies":[{"name":"wp","href":"https:\/\/api.w.org\/{rel}","templated":true}]}}