{"id":147,"date":"2022-02-08T16:16:05","date_gmt":"2022-02-08T15:16:05","guid":{"rendered":"https:\/\/geneve2022.aic-iac.org\/?page_id=147"},"modified":"2022-08-10T12:55:51","modified_gmt":"2022-08-10T10:55:51","slug":"le-siege-du-congres","status":"publish","type":"page","link":"https:\/\/geneve2022.aic-iac.org\/en\/le-siege-du-congres\/","title":{"rendered":"Congress Headquarters","raw":"Congress Headquarters"},"content":{"rendered":"<table>\n<tbody>\n<tr>\n<td>\n<div id=\"attachment_148\" style=\"width: 2570px\" class=\"wp-caption alignnone\"><img loading=\"lazy\" decoding=\"async\" aria-describedby=\"caption-attachment-148\" class=\"wp-image-148 size-full\" src=\"https:\/\/geneve2022.aic-iac.org\/wp-content\/uploads\/sites\/5\/2022\/02\/SALLE-1-7-scaled.jpg\" alt=\"\" width=\"2560\" height=\"1707\" srcset=\"https:\/\/geneve2022.aic-iac.org\/wp-content\/uploads\/sites\/5\/2022\/02\/SALLE-1-7-scaled.jpg 2560w, https:\/\/geneve2022.aic-iac.org\/wp-content\/uploads\/sites\/5\/2022\/02\/SALLE-1-7-300x200.jpg 300w, https:\/\/geneve2022.aic-iac.org\/wp-content\/uploads\/sites\/5\/2022\/02\/SALLE-1-7-1024x683.jpg 1024w, https:\/\/geneve2022.aic-iac.org\/wp-content\/uploads\/sites\/5\/2022\/02\/SALLE-1-7-768x512.jpg 768w, https:\/\/geneve2022.aic-iac.org\/wp-content\/uploads\/sites\/5\/2022\/02\/SALLE-1-7-1536x1024.jpg 1536w, https:\/\/geneve2022.aic-iac.org\/wp-content\/uploads\/sites\/5\/2022\/02\/SALLE-1-7-2048x1365.jpg 2048w\" sizes=\"auto, (max-width: 2560px) 100vw, 2560px\" \/><p id=\"caption-attachment-148\" class=\"wp-caption-text\">Room 1 of the International Conference Centre Geneva (CICG).<\/p><\/div>\n<\/td>\n<\/tr>\n<\/tbody>\n<\/table>\n<table>\n<tbody>\n<tr>\n<td><span class=\"caption\">* Please note that the information on this page is subject to modifications.<br \/><\/span><\/p>\n<hr \/>\n<\/td>\n<\/tr>\n<\/tbody>\n<\/table>\n<table>\n<tbody>\n<tr>\n<td>\n<p>International Conference Centre Geneva (CICG)<br \/>17 rue de Varemb\u00e9<br \/>1202 Geneva<\/p>\n<\/td>\n<td>\u00a0<\/td>\n<\/tr>\n<tr>\n<td>\n<p>The CICG, inaugurated in 1973 and completely renovated since, enjoys a privileged location in the immediate vicinity of the Ariana Museum, the Place des Nations and the main international organisations and permanent missions established in Geneva. This centre, accustomed to major events, houses many modular conference rooms, offices, a multifunctional space, two bars, a restaurant and a post office. The professionalism of its teams guarantees a high level of service with rooms equipped with state-of-the-art technology and interpreting booths. The CICG is managed under a sustainable development policy.<\/p>\n<\/td>\n<td>\n<p>The General Assembly and the main sessions of the 50th AIC Congress will be held in Amphitheatre D, located on the 1st floor, which can accommodate up to 892 people. On the ground floor, the 600 m2 modular Jeanne Hersch space will house the Best Choice exhibition for IAC members. All these spaces benefit from natural light.<\/p>\n<p>The CICG is located a few minutes by public transport from the international airport and the city centre. It is served from the city centre by tram 15 and buses 5, 8, 11, 20, 22 which stop at Place des Nations. Parking is also available 50 metres away.<\/p>\n<\/td>\n<\/tr>\n<tr>\n<td style=\"width: 98.7097%;\" colspan=\"2\">\u00a0<\/td>\n<\/tr>\n<\/tbody>\n<\/table>\n","protected":false,"raw":"<table>\r\n<tbody>\r\n<tr>\r\n<td>\r\n[caption id=\"attachment_148\" align=\"alignnone\" width=\"2560\"]<img class=\"wp-image-148 size-full\" src=\"https:\/\/geneve2022.aic-iac.org\/wp-content\/uploads\/sites\/5\/2022\/02\/SALLE-1-7-scaled.jpg\" alt=\"\" width=\"2560\" height=\"1707\" \/> Room 1 of the International Conference Centre Geneva (CICG).[\/caption]\r\n<\/td>\r\n<\/tr>\r\n<\/tbody>\r\n<\/table>\r\n<table>\r\n<tbody>\r\n<tr>\r\n<td><span class=\"caption\">* Please note that the information on this page is subject to modifications.<br \/><\/span><hr \/><\/td>\r\n<\/tr>\r\n<\/tbody>\r\n<\/table>\r\n<table>\r\n<tbody>\r\n<tr>\r\n<td>\r\n<p>International Conference Centre Geneva (CICG)<br \/>17 rue de Varemb\u00e9<br \/>1202 Geneva<\/p>\r\n<\/td>\r\n<td>\u00a0<\/td>\r\n<\/tr>\r\n<tr>\r\n<td>\r\n<p>The CICG, inaugurated in 1973 and completely renovated since, enjoys a privileged location in the immediate vicinity of the Ariana Museum, the Place des Nations and the main international organisations and permanent missions established in Geneva. This centre, accustomed to major events, houses many modular conference rooms, offices, a multifunctional space, two bars, a restaurant and a post office. The professionalism of its teams guarantees a high level of service with rooms equipped with state-of-the-art technology and interpreting booths. The CICG is managed under a sustainable development policy.<\/p>\r\n<\/td>\r\n<td>\r\n<p>The General Assembly and the main sessions of the 50th AIC Congress will be held in Amphitheatre D, located on the 1st floor, which can accommodate up to 892 people. On the ground floor, the 600 m2 modular Jeanne Hersch space will house the Best Choice exhibition for IAC members. All these spaces benefit from natural light.<\/p>\r\n<p>The CICG is located a few minutes by public transport from the international airport and the city centre. It is served from the city centre by tram 15 and buses 5, 8, 11, 20, 22 which stop at Place des Nations. Parking is also available 50 metres away.<\/p>\r\n<\/td>\r\n<\/tr>\r\n<tr>\r\n<td style=\"width: 98.7097%;\" colspan=\"2\">\u00a0<\/td>\r\n<\/tr>\r\n<\/tbody>\r\n<\/table>"},"excerpt":{"rendered":"<p>The International Conference Centre Geneva (CICG) will host the 2022 IAC Congress in Geneva.<\/p>\n","protected":false,"raw":"The International Conference Centre Geneva (CICG) will host the 2022 IAC Congress in Geneva."},"author":2192,"featured_media":148,"parent":0,"menu_order":0,"comment_status":"closed","ping_status":"closed","template":"","meta":{"_fr_post_content":"<table>\r\n<tbody>\r\n<tr>\r\n<td>\r\n[caption id=\"attachment_148\" align=\"alignnone\" width=\"2560\"]<img class=\"size-full wp-image-148\" src=\"https:\/\/geneve2022.aic-iac.org\/wp-content\/uploads\/sites\/5\/2022\/02\/SALLE-1-7-scaled.jpg\" alt=\"\" width=\"2560\" height=\"1707\" \/> Salle 1 du Centre International de Conf\u00e9rence Gen\u00e8ve (CICG).[\/caption]\r\n<\/td>\r\n<\/tr>\r\n<\/tbody>\r\n<\/table>\r\n<table>\r\n<tbody>\r\n<tr>\r\n<td><span class=\"caption\">* Veuillez s'il vous pla\u00eet noter que l'information sur cette page est susceptible d'\u00eatre modifi\u00e9e.<\/span><hr \/><\/td>\r\n<\/tr>\r\n<\/tbody>\r\n<\/table>\r\n<table>\r\n<tbody>\r\n<tr>\r\n<td>\r\n<p>Centre International de Conf\u00e9rences Gen\u00e8ve (CICG)<br \/>17 rue de Varemb\u00e9<br \/>1202 Gen\u00e8ve<\/p>\r\n<\/td>\r\n<td>\u00a0<\/td>\r\n<\/tr>\r\n<tr>\r\n<td>\r\n<p>Le CICG, inaugur\u00e9 en 1973 et enti\u00e8rement r\u00e9nov\u00e9 depuis, b\u00e9n\u00e9ficie d\u2019une situation privil\u00e9gi\u00e9e \u00e0 proximit\u00e9 imm\u00e9diate du Mus\u00e9e Ariana, de la Place des Nations et des principales Organisations internationales et Missions permanentes \u00e9tablies \u00e0 Gen\u00e8ve. Ce centre, habitu\u00e9 aux grands \u00e9v\u00e8nements, abrite de nombreuses salles de conf\u00e9rences modulables, des bureaux, un espace multifonctionnel, deux bars, un restaurant ainsi qu\u2019un bureau de poste. Le professionnalisme de ses \u00e9quipes garantit un niveau \u00e9lev\u00e9 de prestations avec des salles dot\u00e9es de technologies de pointe et des cabines d\u2019interpr\u00e9tation. Le CICG s\u2019inscrit \u00e9galement dans une politique de d\u00e9veloppement durable.<\/p>\r\n<\/td>\r\n<td>\r\n<p>L\u2019Assembl\u00e9e g\u00e9n\u00e9rale ainsi que les principales sessions du 50\u00e8me Congr\u00e8s de l\u2019AIC se tiendront dans l\u2019amphith\u00e9\u00e2tre D, situ\u00e9 au 1er \u00e9tage, qui peut recevoir jusqu\u2019\u00e0 892 personnes. Au rez-de-chauss\u00e9e, l\u2019espace modulable Jeanne Hersch de 600 m2 de surface h\u00e9bergera l\u2019exposition Best Choice des membres de l\u2019AIC. Tous ces espaces b\u00e9n\u00e9ficient de lumi\u00e8re naturelle.<\/p>\r\n<p>Le CICG se situe \u00e0 quelques minutes en transports de l\u2019a\u00e9roport international et du centre-ville. Il est desservi depuis le centre-ville par le tram 15 et les bus 5, 8, 11, 20, 22 qui s\u2019arr\u00eatent \u00e0 la Place des Nations. Un parking est \u00e9galement disponible \u00e0 50 m\u00e8tres.<\/p>\r\n<\/td>\r\n<\/tr>\r\n<tr>\r\n<td style=\"width: 98.7097%;\" colspan=\"2\">\u00a0<\/td>\r\n<\/tr>\r\n<\/tbody>\r\n<\/table>","_fr_post_name":"le-siege-du-congres","_fr_post_excerpt":"Le Centre International de Conf\u00e9rences Gen\u00e8ve (CICG) accueillera le Congr\u00e8s AIC 2022 \u00e0 Gen\u00e8ve.","_fr_post_title":"Le Si\u00e8ge du Congr\u00e8s","_es_post_content":"<table>\r\n<tbody>\r\n<tr>\r\n<td>\r\n[caption id=\"attachment_148\" align=\"alignnone\" width=\"2560\"]<img class=\"wp-image-148 size-full\" src=\"https:\/\/geneve2022.aic-iac.org\/wp-content\/uploads\/sites\/5\/2022\/02\/SALLE-1-7-scaled.jpg\" alt=\"\" width=\"2560\" height=\"1707\" \/> Room 1 of the International Conference Centre Geneva (CICG).[\/caption]\r\n<\/td>\r\n<\/tr>\r\n<\/tbody>\r\n<\/table>\r\n<table>\r\n<tbody>\r\n<tr>\r\n<td><span class=\"caption\">* Please note that the information on this page is subject to modifications.<br \/><\/span><hr \/><\/td>\r\n<\/tr>\r\n<\/tbody>\r\n<\/table>\r\n<table>\r\n<tbody>\r\n<tr>\r\n<td>\r\n<p>Centro Internacional de Conferencias de Ginebra (CICG)<br \/>17 rue de Varemb\u00e9<br \/>1202 Ginebra<\/p>\r\n<\/td>\r\n<td>\u00a0<\/td>\r\n<\/tr>\r\n<tr>\r\n<td>\r\n<p>El CICG, inaugurado en 1973 y completamente renovado desde entonces, goza de una ubicaci\u00f3n privilegiada en las inmediaciones del Museo Ariana, la Place des Nations y las principales organizaciones internacionales y misiones permanentes establecidas en Ginebra. Este centro, acostumbrado a grandes eventos, alberga numerosas salas de conferencias modulares, oficinas, un espacio multifuncional, dos bares, un restaurante y una oficina de correos. La profesionalidad de sus equipos garantiza un alto nivel de servicio con salas equipadas con la \u00faltima tecnolog\u00eda y cabinas de interpretaci\u00f3n. El CICG se gestiona bajo una pol\u00edtica de desarrollo sostenible.<\/p>\r\n<\/td>\r\n<td>\r\n<p>La Asamblea General y las principales sesiones del 50\u00ba Congreso AIC se realizar\u00e1n en el Anfiteatro D, ubicado en el 1\u00b0 piso, con capacidad para 892 personas. En la planta baja, el espacio modular Jeanne Hersch de 600 m2 albergar\u00e1 la exposici\u00f3n Best Choice para los miembros de la AIC. Todos estos espacios se benefician de la luz natural.<\/p>\r\n<p>El CICG se encuentra a pocos minutos en transporte p\u00fablico del aeropuerto internacional y del centro de la ciudad. Es servida desde el centro de la ciudad por el tranv\u00eda 15 y los autobuses 5, 8, 11, 20, 22 que paran en Place des Nations. Tambi\u00e9n hay aparcamiento disponible a 50 metros.<\/p>\r\n<\/td>\r\n<\/tr>\r\n<tr>\r\n<td style=\"width: 98.7097%;\" colspan=\"2\">\u00a0<\/td>\r\n<\/tr>\r\n<\/tbody>\r\n<\/table>","_es_post_name":"le-siege-du-congres","_es_post_excerpt":"El Centro Internacional de Conferencias de Ginebra (CICG) acoger\u00e1 el Congreso AIC 2022 en Ginebra.","_es_post_title":"Sede del Congreso","_en_post_content":"<table>\r\n<tbody>\r\n<tr>\r\n<td>\r\n[caption id=\"attachment_148\" align=\"alignnone\" width=\"2560\"]<img class=\"wp-image-148 size-full\" src=\"https:\/\/geneve2022.aic-iac.org\/wp-content\/uploads\/sites\/5\/2022\/02\/SALLE-1-7-scaled.jpg\" alt=\"\" width=\"2560\" height=\"1707\" \/> Room 1 of the International Conference Centre Geneva (CICG).[\/caption]\r\n<\/td>\r\n<\/tr>\r\n<\/tbody>\r\n<\/table>\r\n<table>\r\n<tbody>\r\n<tr>\r\n<td><span class=\"caption\">* Please note that the information on this page is subject to modifications.<br \/><\/span><hr \/><\/td>\r\n<\/tr>\r\n<\/tbody>\r\n<\/table>\r\n<table>\r\n<tbody>\r\n<tr>\r\n<td>\r\n<p>International Conference Centre Geneva (CICG)<br \/>17 rue de Varemb\u00e9<br \/>1202 Geneva<\/p>\r\n<\/td>\r\n<td>\u00a0<\/td>\r\n<\/tr>\r\n<tr>\r\n<td>\r\n<p>The CICG, inaugurated in 1973 and completely renovated since, enjoys a privileged location in the immediate vicinity of the Ariana Museum, the Place des Nations and the main international organisations and permanent missions established in Geneva. This centre, accustomed to major events, houses many modular conference rooms, offices, a multifunctional space, two bars, a restaurant and a post office. The professionalism of its teams guarantees a high level of service with rooms equipped with state-of-the-art technology and interpreting booths. The CICG is managed under a sustainable development policy.<\/p>\r\n<\/td>\r\n<td>\r\n<p>The General Assembly and the main sessions of the 50th AIC Congress will be held in Amphitheatre D, located on the 1st floor, which can accommodate up to 892 people. On the ground floor, the 600 m2 modular Jeanne Hersch space will house the Best Choice exhibition for IAC members. All these spaces benefit from natural light.<\/p>\r\n<p>The CICG is located a few minutes by public transport from the international airport and the city centre. It is served from the city centre by tram 15 and buses 5, 8, 11, 20, 22 which stop at Place des Nations. Parking is also available 50 metres away.<\/p>\r\n<\/td>\r\n<\/tr>\r\n<tr>\r\n<td style=\"width: 98.7097%;\" colspan=\"2\">\u00a0<\/td>\r\n<\/tr>\r\n<\/tbody>\r\n<\/table>","_en_post_name":"le-siege-du-congres","_en_post_excerpt":"The International Conference Centre Geneva (CICG) will host the 2022 IAC Congress in Geneva.","_en_post_title":"Congress Headquarters","edit_language":"en","footnotes":""},"class_list":["post-147","page","type-page","status-publish","has-post-thumbnail","hentry"],"_links":{"self":[{"href":"https:\/\/geneve2022.aic-iac.org\/en\/wp-json\/wp\/v2\/pages\/147","targetHints":{"allow":["GET"]}}],"collection":[{"href":"https:\/\/geneve2022.aic-iac.org\/en\/wp-json\/wp\/v2\/pages"}],"about":[{"href":"https:\/\/geneve2022.aic-iac.org\/en\/wp-json\/wp\/v2\/types\/page"}],"author":[{"embeddable":true,"href":"https:\/\/geneve2022.aic-iac.org\/en\/wp-json\/wp\/v2\/users\/2192"}],"replies":[{"embeddable":true,"href":"https:\/\/geneve2022.aic-iac.org\/en\/wp-json\/wp\/v2\/comments?post=147"}],"version-history":[{"count":5,"href":"https:\/\/geneve2022.aic-iac.org\/en\/wp-json\/wp\/v2\/pages\/147\/revisions"}],"predecessor-version":[{"id":179,"href":"https:\/\/geneve2022.aic-iac.org\/en\/wp-json\/wp\/v2\/pages\/147\/revisions\/179"}],"wp:featuredmedia":[{"embeddable":true,"href":"https:\/\/geneve2022.aic-iac.org\/en\/wp-json\/wp\/v2\/media\/148"}],"wp:attachment":[{"href":"https:\/\/geneve2022.aic-iac.org\/en\/wp-json\/wp\/v2\/media?parent=147"}],"curies":[{"name":"wp","href":"https:\/\/api.w.org\/{rel}","templated":true}]}}