{"id":143,"date":"2022-02-08T16:17:35","date_gmt":"2022-02-08T15:17:35","guid":{"rendered":"https:\/\/geneve2022.aic-iac.org\/?page_id=143"},"modified":"2022-08-10T14:56:08","modified_gmt":"2022-08-10T12:56:08","slug":"comite-dorganisation","status":"publish","type":"page","link":"https:\/\/geneve2022.aic-iac.org\/en\/comite-dorganisation\/","title":{"rendered":"Steering Committee","raw":"Steering Committee"},"content":{"rendered":"<table>\n<tbody>\n<tr>\n<td>\n<div id=\"attachment_215\" style=\"width: 1931px\" class=\"wp-caption alignnone\"><img loading=\"lazy\" decoding=\"async\" aria-describedby=\"caption-attachment-215\" class=\"wp-image-215 size-full\" src=\"https:\/\/geneve2022.aic-iac.org\/wp-content\/uploads\/sites\/5\/2022\/03\/comite\u0301-congre\u0300s2022-1.jpg\" alt=\"\" width=\"1921\" height=\"1079\" srcset=\"https:\/\/geneve2022.aic-iac.org\/wp-content\/uploads\/sites\/5\/2022\/03\/comite\u0301-congre\u0300s2022-1.jpg 1921w, https:\/\/geneve2022.aic-iac.org\/wp-content\/uploads\/sites\/5\/2022\/03\/comite\u0301-congre\u0300s2022-1-300x169.jpg 300w, https:\/\/geneve2022.aic-iac.org\/wp-content\/uploads\/sites\/5\/2022\/03\/comite\u0301-congre\u0300s2022-1-1024x575.jpg 1024w, https:\/\/geneve2022.aic-iac.org\/wp-content\/uploads\/sites\/5\/2022\/03\/comite\u0301-congre\u0300s2022-1-768x431.jpg 768w, https:\/\/geneve2022.aic-iac.org\/wp-content\/uploads\/sites\/5\/2022\/03\/comite\u0301-congre\u0300s2022-1-1536x863.jpg 1536w\" sizes=\"auto, (max-width: 1921px) 100vw, 1921px\" \/><p id=\"caption-attachment-215\" class=\"wp-caption-text\">The Steering Committee in front of the Ariana Museum. From left to right: Lynn Frydman Kuhn, Marie Bornet Lanz, Monique Crick, Jacques Kaufmann and Anja Seiler seated in front.<\/p><\/div>\n<\/td>\n<\/tr>\n<\/tbody>\n<\/table>\n<table>\n<tbody>\n<tr>\n<td><span class=\"caption\">* Please note that the information on this page may be subject to modifications.<br \/><\/span><\/p>\n<hr \/>\n<\/td>\n<\/tr>\n<\/tbody>\n<\/table>\n<table>\n<tbody>\n<tr>\n<td>\n<p><span style=\"text-decoration: underline;\">Team<br \/><\/span>The 50th Congress of the International Academy of Ceramics is organised by swissceramics, an association of Swiss ceramists in collaboration with the AIC. The co-organisers are the City of Geneva as well as institutions such as museums, galleries, foundations, schools and art spaces. All these political and cultural actors support the excellence and success of this international ceramic event.<\/p>\n<p><span style=\"text-decoration: underline;\">IAC<br \/><\/span>Torbj\u00f8rn Kvasb\u00f8, President<br \/>Jacques Kaufmann, President Emeritus<br \/>Anja Seiler, Representative for Switzerland<br \/>Charlyne Kolly, Office Coordinator<br \/>Karolina Jonhansson, Office Co-coordinator<br \/>Sophie Voirol, Administrative Assistant<br \/>Ben Evans, Coordination Assistant<br \/>Monique Crick, Member<br \/>Lynn Frydman Kuhn, Member<br \/>Marie Bornet Lanz, Member<\/p>\n<p><span style=\"text-decoration: underline;\">swissceramics<\/span><br \/>Lynn Frydman Kuhn, President<br \/>Marie Bornet Lanz, Board Member<\/p>\n<p><span style=\"text-decoration: underline;\">Steering Committee<br \/><\/span>Monique Crick: General Coordinator \/ Patronage \/ Museum Relations<br \/>Marie Bornet Lanz: Communication, assisted by L\u00e9andre Burkhard<br \/>Lynn Frydman Kuhn: Logistics<br \/>Jacques Kaufmann: Scientific programme and conferences<br \/>Anja Seiler: Relations between galleries and art schools<\/p>\n<p><span style=\"text-decoration: underline;\">Exhibition Manager IAC Archives<\/span><br \/>St\u00e9phanie Le Follic-Hadida, IAC Vice-President<\/p>\n<p><span style=\"text-decoration: underline;\">Post-Tour Managers<\/span><br \/>Magdalena Gerber and Margareta Daepp<\/p>\n<p><span style=\"text-decoration: underline;\">Congress and finance management agency<\/span><br \/>MCI, Geneva<\/p>\n<p><span style=\"text-decoration: underline;\">Communication agency<\/span><br \/>Nask Studio, Geneva<\/p>\n<\/td>\n<\/tr>\n<tr>\n<td>\u00a0<\/td>\n<\/tr>\n<\/tbody>\n<\/table>\n<p>&nbsp;<\/p>\n","protected":false,"raw":"<table>\r\n<tbody>\r\n<tr>\r\n<td>\r\n[caption id=\"attachment_215\" align=\"alignnone\" width=\"1921\"]<img class=\"wp-image-215 size-full\" src=\"https:\/\/geneve2022.aic-iac.org\/wp-content\/uploads\/sites\/5\/2022\/03\/comite\u0301-congre\u0300s2022-1.jpg\" alt=\"\" width=\"1921\" height=\"1079\" \/> The Steering Committee in front of the Ariana Museum. From left to right: Lynn Frydman Kuhn, Marie Bornet Lanz, Monique Crick, Jacques Kaufmann and Anja Seiler seated in front.[\/caption]\r\n<\/td>\r\n<\/tr>\r\n<\/tbody>\r\n<\/table>\r\n<table>\r\n<tbody>\r\n<tr>\r\n<td><span class=\"caption\">* Please note that the information on this page may be subject to modifications.<br \/><\/span><hr \/><\/td>\r\n<\/tr>\r\n<\/tbody>\r\n<\/table>\r\n<table>\r\n<tbody>\r\n<tr>\r\n<td>\r\n<p><span style=\"text-decoration: underline;\">Team<br \/><\/span>The 50th Congress of the International Academy of Ceramics is organised by swissceramics, an association of Swiss ceramists in collaboration with the AIC. The co-organisers are the City of Geneva as well as institutions such as museums, galleries, foundations, schools and art spaces. All these political and cultural actors support the excellence and success of this international ceramic event.<\/p>\r\n<p><span style=\"text-decoration: underline;\">IAC<br \/><\/span>Torbj\u00f8rn Kvasb\u00f8, President<br \/>Jacques Kaufmann, President Emeritus<br \/>Anja Seiler, Representative for Switzerland<br \/>Charlyne Kolly, Office Coordinator<br \/>Karolina Jonhansson, Office Co-coordinator<br \/>Sophie Voirol, Administrative Assistant<br \/>Ben Evans, Coordination Assistant<br \/>Monique Crick, Member<br \/>Lynn Frydman Kuhn, Member<br \/>Marie Bornet Lanz, Member<\/p>\r\n<p><span style=\"text-decoration: underline;\">swissceramics<\/span><br \/>Lynn Frydman Kuhn, President<br \/>Marie Bornet Lanz, Board Member<\/p>\r\n<p><span style=\"text-decoration: underline;\">Steering Committee<br \/><\/span>Monique Crick: General Coordinator \/ Patronage \/ Museum Relations<br \/>Marie Bornet Lanz: Communication, assisted by L\u00e9andre Burkhard<br \/>Lynn Frydman Kuhn: Logistics<br \/>Jacques Kaufmann: Scientific programme and conferences<br \/>Anja Seiler: Relations between galleries and art schools<\/p>\r\n<p><span style=\"text-decoration: underline;\">Exhibition Manager IAC Archives<\/span><br \/>St\u00e9phanie Le Follic-Hadida, IAC Vice-President<\/p>\r\n<p><span style=\"text-decoration: underline;\">Post-Tour Managers<\/span><br \/>Magdalena Gerber and Margareta Daepp<\/p>\r\n<p><span style=\"text-decoration: underline;\">Congress and finance management agency<\/span><br \/>MCI, Geneva<\/p>\r\n<p><span style=\"text-decoration: underline;\">Communication agency<\/span><br \/>Nask Studio, Geneva<\/p>\r\n<\/td>\r\n<\/tr>\r\n<tr>\r\n<td>\u00a0<\/td>\r\n<\/tr>\r\n<\/tbody>\r\n<\/table>\r\n<p>&nbsp;<\/p>"},"excerpt":{"rendered":"<p>The 50th IAC Congress is organised by swissceramics in collaboration with the IAC.<\/p>\n","protected":false,"raw":"The 50th IAC Congress is organised by swissceramics in collaboration with the IAC."},"author":2192,"featured_media":216,"parent":0,"menu_order":0,"comment_status":"closed","ping_status":"closed","template":"","meta":{"_fr_post_content":"<table>\r\n<tbody>\r\n<tr>\r\n<td>\r\n[caption id=\"attachment_213\" align=\"alignnone\" width=\"1921\"]<img class=\"wp-image-213 size-full\" src=\"https:\/\/geneve2022.aic-iac.org\/wp-content\/uploads\/sites\/5\/2022\/03\/comite\u0301-congre\u0300s2022.jpg\" alt=\"\" width=\"1921\" height=\"1079\" \/> Le Comit\u00e9 d'organisation devant le Mus\u00e9e Ariana. De gauche \u00e0 droite: Lynn Frydman Kuhn, Marie Bornet Lanz, Monique Crick, Jacques Kaufmann et Anja Seiler assise devant.[\/caption]\r\n<\/td>\r\n<\/tr>\r\n<\/tbody>\r\n<\/table>\r\n<table>\r\n<tbody>\r\n<tr>\r\n<td><span class=\"caption\">* Veuillez s'il vous pla\u00eet noter que l'information sur cette page est susceptible d'\u00eatre modifi\u00e9e.<\/span><hr \/><\/td>\r\n<\/tr>\r\n<\/tbody>\r\n<\/table>\r\n<table>\r\n<tbody>\r\n<tr>\r\n<td>\r\n<p><span style=\"text-decoration: underline;\">\u00c9quipe<br \/><\/span>Le 50e Congr\u00e8s de l\u2019Acad\u00e9mie Internationale de la C\u00e9ramique est organis\u00e9 par swissceramics, association des c\u00e9ramistes suisses en collaboration avec l\u2019AIC. Les co-organisateurs sont la Ville de Gen\u00e8ve ainsi que des institutions comme les mus\u00e9es, les galeries, les Fondations, les \u00e9coles et les espaces d\u2019art. Tous ces acteurs politiques et culturels soutiennent l\u2019excellence et la r\u00e9ussite de cet \u00e9v\u00e9nement c\u00e9ramique de port\u00e9e internationale.<\/p>\r\n<p><span style=\"text-decoration: underline;\">AIC<br \/><\/span>Torbj\u00f8rn Kvasb\u00f8, pr\u00e9sident<br \/>Jacques Kaufmann, pr\u00e9sident \u00e9m\u00e9rite<br \/>Anja Seiler, repr\u00e9sentante pour la Suisse<br \/>Charlyne Kolly, coordinatrice du bureau<br \/>Karolina Johansson, co-coordinatrice du bureau<br \/>Sophie Voirol, assistante administrative<br \/>Ben Evans, assistant de coordination<br \/>Monique Crick, membre<br \/>Lynn Frydman Kuhn, membre<br \/>Marie Bornet Lanz, membre<\/p>\r\n<p><span style=\"text-decoration: underline;\">swissceramics<br \/><\/span>Lynn Kuhn, pr\u00e9sidente<br \/>Marie Bornet Lanz, membre du comit\u00e9<\/p>\r\n<p><span style=\"text-decoration: underline;\">Comit\u00e9 d\u2019organisation<br \/><\/span>Monique Crick\u00a0: Coordinatrice g\u00e9n\u00e9rale \/ M\u00e9c\u00e9nat \/ Relations mus\u00e9es<br \/>Marie Bornet Lanz\u00a0: Communication, aid\u00e9e de L\u00e9andre Burkhard<br \/>Lynn Frydman Kuhn\u00a0: Logistique<br \/>Jacques Kaufmann\u00a0: Programme scientifique et conf\u00e9rences\u00a0<br \/>Anja Seiler\u00a0: Relations galeries et \u00e9coles d\u2019art<\/p>\r\n<p><span style=\"text-decoration: underline;\">Responsable exposition Archives AIC<\/span><br \/>St\u00e9phanie Le Follic-Hadida, vice-pr\u00e9sidente AIC<\/p>\r\n<p><span style=\"text-decoration: underline;\">Responsables du post-tour<\/span><br \/>Magdalena Gerber et Margareta Daepp<\/p>\r\n<p><span style=\"text-decoration: underline;\">Agence de gestion du congr\u00e8s et de ses finances<\/span><br \/>MCI, Gen\u00e8ve<\/p>\r\n<p><span style=\"text-decoration: underline;\">Agence de communication<\/span><br \/>Nask Studio, Gen\u00e8ve<\/p>\r\n<\/td>\r\n<\/tr>\r\n<tr>\r\n<td>\u00a0<\/td>\r\n<\/tr>\r\n<\/tbody>\r\n<\/table>\r\n<p>&nbsp;<\/p>","_fr_post_name":"comite-dorganisation","_fr_post_excerpt":"Le 50\u00e8me Congr\u00e8s de l'AIC est organis\u00e9 par swissceramics en collaboration avec l'AIC.","_fr_post_title":"Comit\u00e9 d'Organisation","_es_post_content":"<table>\r\n<tbody>\r\n<tr>\r\n<td>\r\n[caption id=\"attachment_215\" align=\"alignnone\" width=\"1921\"]<img class=\"wp-image-215 size-full\" src=\"https:\/\/geneve2022.aic-iac.org\/wp-content\/uploads\/sites\/5\/2022\/03\/comite\u0301-congre\u0300s2022-1.jpg\" alt=\"\" width=\"1921\" height=\"1079\" \/> The Steering Committee in front of the Ariana Museum. From left to right: Lynn Frydman Kuhn, Marie Bornet Lanz, Monique Crick, Jacques Kaufmann and Anja Seiler seated in front.[\/caption]\r\n<\/td>\r\n<\/tr>\r\n<\/tbody>\r\n<\/table>\r\n<table>\r\n<tbody>\r\n<tr>\r\n<td><span class=\"caption\">* Please note that the information on this page may be subject to modifications.<br \/><\/span><hr \/><\/td>\r\n<\/tr>\r\n<\/tbody>\r\n<\/table>\r\n<table>\r\n<tbody>\r\n<tr>\r\n<td>\r\n<p><span style=\"text-decoration: underline;\">Equipo<br \/><\/span>El 50\u00ba Congreso de la Academia Internacional de Cer\u00e1mica est\u00e1 organizado por swissceramics, una asociaci\u00f3n de ceramistas suizos en colaboraci\u00f3n con la AIC. Los coorganizadores son la ciudad de Ginebra, as\u00ed como instituciones como museos, galer\u00edas, fundaciones, escuelas y espacios de arte. Todos estos actores pol\u00edticos y culturales avalan la excelencia y el \u00e9xito de este evento cer\u00e1mico internacional.<\/p>\r\n<p><span style=\"text-decoration: underline;\">AIC<br \/><\/span>Torbj\u00f8rn Kvasb\u00f8, presidente<br \/>Jacques Kaufmann, presidente em\u00e9rito<br \/>Anja Seiler, representante de Suiza<br \/>Charlyne Kolly, coordinadora de oficina<br \/>Karolina Jonhansson, coordinadora de la oficina<br \/>Sophie Voirol, asistente administrativa<br \/>Ben Evans, asistente de coordinaci\u00f3n<br \/>Monique Crick, miembro<br \/>Lynn Frydman Kuhn, miembro<br \/>Marie Bornet Lanz, miembro<\/p>\r\n<p><span style=\"text-decoration: underline;\">swissceramics<\/span><br \/>Lynn Frydman Kuhn, presidente<br \/>Marie Bornet Lanz, miembro de la junta<\/p>\r\n<p><span style=\"text-decoration: underline;\">Steering Committee<br \/><\/span>Monique Crick: Coordinadora General \/ Patrocinio \/ Relaciones con Museos<br \/>Marie Bornet Lanz: Comunicaci\u00f3n, asistida por L\u00e9andre Burkhard<br \/>Lynn Frydman Kuhn: Log\u00edstica<br \/>Jacques Kaufmann: programa cient\u00edfico y conferencias<br \/>Anja Seiler: Relaciones entre galer\u00edas y escuelas de arte<\/p>\r\n<p><span style=\"text-decoration: underline;\">Responsable de la exposici\u00f3n de Archivos AIC<\/span><br \/>St\u00e9phanie Le Follic-Hadida, vicepresidenta de la AIC<\/p>\r\n<p><span style=\"text-decoration: underline;\">Resposables Post-Tour<\/span><br \/>Magdalena Gerber y Margareta Daepp<\/p>\r\n<p><span style=\"text-decoration: underline;\">Agencia de gesti\u00f3n de congresos y finanzas<\/span><br \/>MCI, Ginebra<\/p>\r\n<p><span style=\"text-decoration: underline;\">Agencia de comunicaci\u00f3n<\/span><br \/>Nask Studio, Ginebra<\/p>\r\n<\/td>\r\n<\/tr>\r\n<tr>\r\n<td>\u00a0<\/td>\r\n<\/tr>\r\n<\/tbody>\r\n<\/table>\r\n<p>&nbsp;<\/p>","_es_post_name":"comite-dorganisation","_es_post_excerpt":"El 50\u00ba Congreso de la AIC est\u00e1 organizado por swissceramics en colaboraci\u00f3n con la AIC.","_es_post_title":"Comit\u00e9 organizador","_en_post_content":"<table>\r\n<tbody>\r\n<tr>\r\n<td>\r\n[caption id=\"attachment_215\" align=\"alignnone\" width=\"1921\"]<img class=\"wp-image-215 size-full\" src=\"https:\/\/geneve2022.aic-iac.org\/wp-content\/uploads\/sites\/5\/2022\/03\/comite\u0301-congre\u0300s2022-1.jpg\" alt=\"\" width=\"1921\" height=\"1079\" \/> The Steering Committee in front of the Ariana Museum. From left to right: Lynn Frydman Kuhn, Marie Bornet Lanz, Monique Crick, Jacques Kaufmann and Anja Seiler seated in front.[\/caption]\r\n<\/td>\r\n<\/tr>\r\n<\/tbody>\r\n<\/table>\r\n<table>\r\n<tbody>\r\n<tr>\r\n<td><span class=\"caption\">* Please note that the information on this page may be subject to modifications.<br \/><\/span><hr \/><\/td>\r\n<\/tr>\r\n<\/tbody>\r\n<\/table>\r\n<table>\r\n<tbody>\r\n<tr>\r\n<td>\r\n<p><span style=\"text-decoration: underline;\">Team<br \/><\/span>The 50th Congress of the International Academy of Ceramics is organised by swissceramics, an association of Swiss ceramists in collaboration with the AIC. The co-organisers are the City of Geneva as well as institutions such as museums, galleries, foundations, schools and art spaces. All these political and cultural actors support the excellence and success of this international ceramic event.<\/p>\r\n<p><span style=\"text-decoration: underline;\">IAC<br \/><\/span>Torbj\u00f8rn Kvasb\u00f8, President<br \/>Jacques Kaufmann, President Emeritus<br \/>Anja Seiler, Representative for Switzerland<br \/>Charlyne Kolly, Office Coordinator<br \/>Karolina Jonhansson, Office Co-coordinator<br \/>Sophie Voirol, Administrative Assistant<br \/>Ben Evans, Coordination Assistant<br \/>Monique Crick, Member<br \/>Lynn Frydman Kuhn, Member<br \/>Marie Bornet Lanz, Member<\/p>\r\n<p><span style=\"text-decoration: underline;\">swissceramics<\/span><br \/>Lynn Frydman Kuhn, President<br \/>Marie Bornet Lanz, Board Member<\/p>\r\n<p><span style=\"text-decoration: underline;\">Steering Committee<br \/><\/span>Monique Crick: General Coordinator \/ Patronage \/ Museum Relations<br \/>Marie Bornet Lanz: Communication, assisted by L\u00e9andre Burkhard<br \/>Lynn Frydman Kuhn: Logistics<br \/>Jacques Kaufmann: Scientific programme and conferences<br \/>Anja Seiler: Relations between galleries and art schools<\/p>\r\n<p><span style=\"text-decoration: underline;\">Exhibition Manager IAC Archives<\/span><br \/>St\u00e9phanie Le Follic-Hadida, IAC Vice-President<\/p>\r\n<p><span style=\"text-decoration: underline;\">Post-Tour Managers<\/span><br \/>Magdalena Gerber and Margareta Daepp<\/p>\r\n<p><span style=\"text-decoration: underline;\">Congress and finance management agency<\/span><br \/>MCI, Geneva<\/p>\r\n<p><span style=\"text-decoration: underline;\">Communication agency<\/span><br \/>Nask Studio, Geneva<\/p>\r\n<\/td>\r\n<\/tr>\r\n<tr>\r\n<td>\u00a0<\/td>\r\n<\/tr>\r\n<\/tbody>\r\n<\/table>\r\n<p>&nbsp;<\/p>","_en_post_name":"comite-dorganisation","_en_post_excerpt":"The 50th IAC Congress is organised by swissceramics in collaboration with the IAC.","_en_post_title":"Steering Committee","edit_language":"en","footnotes":""},"class_list":["post-143","page","type-page","status-publish","has-post-thumbnail","hentry"],"_links":{"self":[{"href":"https:\/\/geneve2022.aic-iac.org\/en\/wp-json\/wp\/v2\/pages\/143","targetHints":{"allow":["GET"]}}],"collection":[{"href":"https:\/\/geneve2022.aic-iac.org\/en\/wp-json\/wp\/v2\/pages"}],"about":[{"href":"https:\/\/geneve2022.aic-iac.org\/en\/wp-json\/wp\/v2\/types\/page"}],"author":[{"embeddable":true,"href":"https:\/\/geneve2022.aic-iac.org\/en\/wp-json\/wp\/v2\/users\/2192"}],"replies":[{"embeddable":true,"href":"https:\/\/geneve2022.aic-iac.org\/en\/wp-json\/wp\/v2\/comments?post=143"}],"version-history":[{"count":13,"href":"https:\/\/geneve2022.aic-iac.org\/en\/wp-json\/wp\/v2\/pages\/143\/revisions"}],"predecessor-version":[{"id":1504,"href":"https:\/\/geneve2022.aic-iac.org\/en\/wp-json\/wp\/v2\/pages\/143\/revisions\/1504"}],"wp:featuredmedia":[{"embeddable":true,"href":"https:\/\/geneve2022.aic-iac.org\/en\/wp-json\/wp\/v2\/media\/216"}],"wp:attachment":[{"href":"https:\/\/geneve2022.aic-iac.org\/en\/wp-json\/wp\/v2\/media?parent=143"}],"curies":[{"name":"wp","href":"https:\/\/api.w.org\/{rel}","templated":true}]}}