{"id":110,"date":"2022-02-08T16:18:58","date_gmt":"2022-02-08T15:18:58","guid":{"rendered":"https:\/\/geneve2022.aic-iac.org\/?page_id=110"},"modified":"2022-09-12T08:34:14","modified_gmt":"2022-09-12T06:34:14","slug":"expositions","status":"publish","type":"page","link":"https:\/\/geneve2022.aic-iac.org\/en\/expositions\/","title":{"rendered":"Exhibitions","raw":"Exhibitions"},"content":{"rendered":"<table>\n<tbody>\n<tr>\n<td>\n<div id=\"attachment_140\" style=\"width: 1930px\" class=\"wp-caption alignnone\"><img loading=\"lazy\" decoding=\"async\" aria-describedby=\"caption-attachment-140\" class=\"wp-image-140 size-full\" src=\"https:\/\/geneve2022.aic-iac.org\/wp-content\/uploads\/sites\/5\/2022\/02\/nyon-g7de55eb1f_1920.jpg\" alt=\"\" width=\"1920\" height=\"1276\" srcset=\"https:\/\/geneve2022.aic-iac.org\/wp-content\/uploads\/sites\/5\/2022\/02\/nyon-g7de55eb1f_1920.jpg 1920w, https:\/\/geneve2022.aic-iac.org\/wp-content\/uploads\/sites\/5\/2022\/02\/nyon-g7de55eb1f_1920-300x199.jpg 300w, https:\/\/geneve2022.aic-iac.org\/wp-content\/uploads\/sites\/5\/2022\/02\/nyon-g7de55eb1f_1920-1024x681.jpg 1024w, https:\/\/geneve2022.aic-iac.org\/wp-content\/uploads\/sites\/5\/2022\/02\/nyon-g7de55eb1f_1920-768x510.jpg 768w, https:\/\/geneve2022.aic-iac.org\/wp-content\/uploads\/sites\/5\/2022\/02\/nyon-g7de55eb1f_1920-1536x1021.jpg 1536w\" sizes=\"auto, (max-width: 1920px) 100vw, 1920px\" \/><p id=\"caption-attachment-140\" class=\"wp-caption-text\">Une vue sur le lac L\u00e9man au-dessus des toits de la vieille ville de Nyon.<\/p><\/div>\n<\/td>\n<\/tr>\n<tr>\n<td style=\"background-color: #c9c6d8;\">\n<p>&nbsp;<\/p>\n<h3>Exhibitions<\/h3>\n<p>Within the framework of the Geneva 2022 IAC Congress, more than 30 institutions, foundations, associations and art galleries are working to illustrate and enrich this world event in ceramics. They offer a unique opportunity to explore Geneva, the cradle of the IAC, and to discover the diversity of ceramic art in Switzerland.<\/p>\n<\/td>\n<\/tr>\n<tr>\n<td><span class=\"caption\">* Please note that the information on this page is subject to modifications and updates.<\/span><\/td>\n<\/tr>\n<\/tbody>\n<\/table>\n","protected":false,"raw":"<table>\r\n<tbody>\r\n<tr>\r\n<td>\r\n[caption id=\"attachment_140\" align=\"alignnone\" width=\"1920\"]<img class=\"wp-image-140 size-full\" src=\"https:\/\/geneve2022.aic-iac.org\/wp-content\/uploads\/sites\/5\/2022\/02\/nyon-g7de55eb1f_1920.jpg\" alt=\"\" width=\"1920\" height=\"1276\" \/> Une vue sur le lac L\u00e9man au-dessus des toits de la vieille ville de Nyon.[\/caption]\r\n<\/td>\r\n<\/tr>\r\n<tr>\r\n<td style=\"background-color: #c9c6d8;\">\r\n<p>&nbsp;<\/p>\r\n<h3>Exhibitions<\/h3>\r\n<p>Within the framework of the Geneva 2022 IAC Congress, more than 30 institutions, foundations, associations and art galleries are working to illustrate and enrich this world event in ceramics. They offer a unique opportunity to explore Geneva, the cradle of the IAC, and to discover the diversity of ceramic art in Switzerland.<\/p>\r\n<\/td>\r\n<\/tr>\r\n<tr>\r\n<td><span class=\"caption\">* Please note that the information on this page is subject to modifications and updates.<\/span><\/td>\r\n<\/tr>\r\n<\/tbody>\r\n<\/table>"},"excerpt":{"rendered":"<p>The 2022 Congress features various exhibitions alongside the conferences in partnership with local and national institutions.<\/p>\n","protected":false,"raw":"The 2022 Congress features various exhibitions alongside the conferences in partnership with local and national institutions."},"author":2192,"featured_media":140,"parent":0,"menu_order":0,"comment_status":"closed","ping_status":"closed","template":"","meta":{"_fr_post_content":"<table>\r\n<tbody>\r\n<tr>\r\n<td>\r\n[caption id=\"attachment_140\" align=\"alignnone\" width=\"1920\"]<img class=\"wp-image-140 size-full\" src=\"https:\/\/geneve2022.aic-iac.org\/wp-content\/uploads\/sites\/5\/2022\/02\/nyon-g7de55eb1f_1920.jpg\" alt=\"\" width=\"1920\" height=\"1276\" \/> Une vue sur le lac L\u00e9man au-dessus des toits de la vieille ville de Nyon.[\/caption]\r\n<\/td>\r\n<\/tr>\r\n<tr>\r\n<td style=\"background-color: #c9c6d8;\">\r\n<h3>\u00a0<\/h3>\r\n<h3>Expositions<\/h3>\r\n<p>Dans le cadre du Congr\u00e8s AIC Gen\u00e8ve 2022, plus de 30 institutions, fondations, associations et galeries d'art partenaires s'activent pour illustrer et enrichir cet \u00e9v\u00e9nement mondial de la c\u00e9ramique. Elles offrent l'occasion unique d'explorer Gen\u00e8ve, berceau de l'AIC, et de d\u00e9couvrir la diversit\u00e9 de l'art c\u00e9ramique en Suisse.<\/p>\r\n<\/td>\r\n<\/tr>\r\n<tr>\r\n<td><span class=\"caption\">* Veuillez noter que les informations contenues sur cette page peuvent faire l'objet de modifications.<\/span><\/td>\r\n<\/tr>\r\n<\/tbody>\r\n<\/table>","_fr_post_name":"expositions","_fr_post_excerpt":"Le Congr\u00e8s 2022 propose diverses expositions en marge des conf\u00e9rences en partenariat avec des institutions locales et nationales.","_fr_post_title":"Expositions","_es_post_content":"<table>\r\n<tbody>\r\n<tr>\r\n<td>\r\n[caption id=\"attachment_140\" align=\"alignnone\" width=\"1920\"]<img class=\"wp-image-140 size-full\" src=\"https:\/\/geneve2022.aic-iac.org\/wp-content\/uploads\/sites\/5\/2022\/02\/nyon-g7de55eb1f_1920.jpg\" alt=\"\" width=\"1920\" height=\"1276\" \/> Une vue sur le lac L\u00e9man au-dessus des toits de la vieille ville de Nyon.[\/caption]\r\n<\/td>\r\n<\/tr>\r\n<tr>\r\n<td style=\"background-color: #c9c6d8;\">\r\n<h3>\u00a0<\/h3>\r\n<h3>Exposiciones<\/h3>\r\n<p>En el marco del Congreso AIC Ginebra 2022, m\u00e1s de 30 instituciones, fundaciones, asociaciones y galer\u00edas de arte trabajan para ilustrar y enriquecer este evento mundial de la cer\u00e1mica. Ofrecen una oportunidad \u00fanica para explorar Ginebra, la cuna de la AIC, y descubrir la diversidad del arte cer\u00e1mico en Suiza.<\/p>\r\n<\/td>\r\n<\/tr>\r\n<tr>\r\n<td><span class=\"caption\">* Tenga en cuenta que la informaci\u00f3n de esta p\u00e1gina est\u00e1 sujeta a modificaciones y actualizaciones.<\/span><\/td>\r\n<\/tr>\r\n<\/tbody>\r\n<\/table>","_es_post_name":"expositions","_es_post_excerpt":"El Congreso 2022 ofrece varias exposiciones paralelas a las conferencias en colaboraci\u00f3n con instituciones locales y nacionales.","_es_post_title":"Exposiciones","_en_post_content":"<table>\r\n<tbody>\r\n<tr>\r\n<td>\r\n[caption id=\"attachment_140\" align=\"alignnone\" width=\"1920\"]<img class=\"wp-image-140 size-full\" src=\"https:\/\/geneve2022.aic-iac.org\/wp-content\/uploads\/sites\/5\/2022\/02\/nyon-g7de55eb1f_1920.jpg\" alt=\"\" width=\"1920\" height=\"1276\" \/> Une vue sur le lac L\u00e9man au-dessus des toits de la vieille ville de Nyon.[\/caption]\r\n<\/td>\r\n<\/tr>\r\n<tr>\r\n<td style=\"background-color: #c9c6d8;\">\r\n<p>&nbsp;<\/p>\r\n<h3>Exhibitions<\/h3>\r\n<p>Within the framework of the Geneva 2022 IAC Congress, more than 30 institutions, foundations, associations and art galleries are working to illustrate and enrich this world event in ceramics. They offer a unique opportunity to explore Geneva, the cradle of the IAC, and to discover the diversity of ceramic art in Switzerland.<\/p>\r\n<\/td>\r\n<\/tr>\r\n<tr>\r\n<td><span class=\"caption\">* Please note that the information on this page is subject to modifications and updates.<\/span><\/td>\r\n<\/tr>\r\n<\/tbody>\r\n<\/table>","_en_post_name":"expositions","_en_post_excerpt":"The 2022 Congress features various exhibitions alongside the conferences in partnership with local and national institutions.","_en_post_title":"Exhibitions","edit_language":"en","footnotes":""},"class_list":["post-110","page","type-page","status-publish","has-post-thumbnail","hentry"],"_links":{"self":[{"href":"https:\/\/geneve2022.aic-iac.org\/en\/wp-json\/wp\/v2\/pages\/110","targetHints":{"allow":["GET"]}}],"collection":[{"href":"https:\/\/geneve2022.aic-iac.org\/en\/wp-json\/wp\/v2\/pages"}],"about":[{"href":"https:\/\/geneve2022.aic-iac.org\/en\/wp-json\/wp\/v2\/types\/page"}],"author":[{"embeddable":true,"href":"https:\/\/geneve2022.aic-iac.org\/en\/wp-json\/wp\/v2\/users\/2192"}],"replies":[{"embeddable":true,"href":"https:\/\/geneve2022.aic-iac.org\/en\/wp-json\/wp\/v2\/comments?post=110"}],"version-history":[{"count":21,"href":"https:\/\/geneve2022.aic-iac.org\/en\/wp-json\/wp\/v2\/pages\/110\/revisions"}],"predecessor-version":[{"id":1432,"href":"https:\/\/geneve2022.aic-iac.org\/en\/wp-json\/wp\/v2\/pages\/110\/revisions\/1432"}],"wp:featuredmedia":[{"embeddable":true,"href":"https:\/\/geneve2022.aic-iac.org\/en\/wp-json\/wp\/v2\/media\/140"}],"wp:attachment":[{"href":"https:\/\/geneve2022.aic-iac.org\/en\/wp-json\/wp\/v2\/media?parent=110"}],"curies":[{"name":"wp","href":"https:\/\/api.w.org\/{rel}","templated":true}]}}